{"id":5507,"date":"2023-11-15T07:45:12","date_gmt":"2023-11-15T07:45:12","guid":{"rendered":"https:\/\/fcrmedia.be\/?page_id=5507"},"modified":"2025-09-23T10:31:44","modified_gmt":"2025-09-23T10:31:44","slug":"lanceurs-dalerte","status":"publish","type":"page","link":"https:\/\/fcrmedia.be\/fr\/lanceurs-dalerte\/","title":{"rendered":"Lanceurs d\u2019alerte"},"content":{"rendered":"<section id=\"block-rich-text-image-block_1c27824f7c64a65c9b4b73b872f550bf\"\n         class=\"c-section c-section--background-white -rich-text-image \">\n  <div class=\"c-rich-text-image \">\n    <div class=\"container\">\n      <div class=\"grid\">\n        <div class=\"c-rich-text-image__col\">\n          <div class=\"c-rich-text-image__info\">\n            <div class=\"c-icon\">\n                              <img class=\"u-lazy\" data-src=\"https:\/\/fcrmedia.be\/wp-content\/uploads\/2021\/10\/icon-stop-blue.svg\" alt=\"icon-stop-blue\" width=\"32\" height=\"32\">\n                          <\/div>\n                          <h2 class=\"c-rich-text-image__title\">Lanceurs d\u2019alerte<\/h2>\n                      <\/div>\n                      <div class=\"c-rich-text-image__desc\">\n              <p>La derni\u00e8re version de notre politique en mati\u00e8re de r\u00e9gime concernant les lanceurs d\u2019alerte peut \u00eatre trouv\u00e9e sur le lien ci-dessous.<\/p>\n\n            <\/div>\n                                <div class=\"c-rich-text-image__action\">\n              <a href=\"https:\/\/fcrmedia.be\/wp-content\/uploads\/2023\/11\/Klokkenluiders-Policy-FR-16102023-final-version-1.pdf\" title=\"T\u00e9l\u00e9chargez notre politique\" target=\"_blank\"\n                 class=\"c-button c-button--default c-button--primary\">\n                T\u00e9l\u00e9chargez notre politique\n              <\/a>\n            <\/div>\n                  <\/div>\n        <div class=\"c-rich-text-image__col\">\n          <div class=\"c-rich-text-image__pic\">\n                                      <div class=\"c-rich-text-image__img-big \">\n                <picture>\n                  <source type=\"image\/jpeg\" media=\"(min-width: 1440px)\"\n                          data-srcset=\"https:\/\/fcrmedia.be\/wp-content\/uploads\/2023\/11\/Lanceurs-dalerte.jpg\">\n                  <source type=\"image\/jpeg\" media=\"(min-width: 1000px)\"\n                          data-srcset=\"https:\/\/fcrmedia.be\/wp-content\/uploads\/2023\/11\/Lanceurs-dalerte.jpg\">\n                  <source type=\"image\/jpeg\" media=\"(min-width: 480px)\"\n                          data-srcset=\"https:\/\/fcrmedia.be\/wp-content\/uploads\/2023\/11\/Lanceurs-dalerte.jpg\">\n                  <img class=\"c-image-mask c-image-mask--angle-cw u-lazy \"\n                       data-src=\"https:\/\/fcrmedia.be\/wp-content\/uploads\/2023\/11\/Lanceurs-dalerte.jpg\" alt=\"Lanceurs d\u2019alerte\"\n                       width=\"1732\" height=\"1732\">\n                <\/picture>\n              <\/div>\n                                  <\/div>\n        <\/div>\n      <\/div>\n    <\/div>\n  <\/div>\n<\/section>","protected":false},"excerpt":{"rendered":"","protected":false},"author":24,"featured_media":0,"parent":0,"menu_order":0,"comment_status":"closed","ping_status":"closed","template":"","meta":{"_acf_changed":false,"footnotes":""},"class_list":["post-5507","page","type-page","status-publish","hentry"],"acf":[],"yoast_head":"<!-- This site is optimized with the Yoast SEO plugin v27.1.1 - https:\/\/yoast.com\/product\/yoast-seo-wordpress\/ -->\n<title>Lanceurs d\u2019alerte | FCR Media<\/title>\n<meta name=\"description\" content=\"La derni\u00e8re version de notre politique relative aux lanceurs d&#039;alerte est disponible ici. T\u00e9l\u00e9chargez-la via le lien pour la consulter.\" \/>\n<meta name=\"robots\" content=\"index, follow, max-snippet:-1, max-image-preview:large, max-video-preview:-1\" \/>\n<link rel=\"canonical\" href=\"https:\/\/fcrmedia.be\/fr\/lanceurs-dalerte\/\" \/>\n<meta property=\"og:locale\" content=\"fr_FR\" \/>\n<meta property=\"og:type\" content=\"article\" \/>\n<meta property=\"og:title\" content=\"Lanceurs d\u2019alerte | FCR Media\" \/>\n<meta property=\"og:description\" content=\"La derni\u00e8re version de notre politique relative aux lanceurs d&#039;alerte est disponible ici. T\u00e9l\u00e9chargez-la via le lien pour la consulter.\" \/>\n<meta property=\"og:url\" content=\"https:\/\/fcrmedia.be\/fr\/lanceurs-dalerte\/\" \/>\n<meta property=\"og:site_name\" content=\"FCR Media\" \/>\n<meta property=\"article:modified_time\" content=\"2025-09-23T10:31:44+00:00\" \/>\n<meta name=\"twitter:card\" content=\"summary_large_image\" \/>\n<script type=\"application\/ld+json\" class=\"yoast-schema-graph\">{\"@context\":\"https:\/\/schema.org\",\"@graph\":[{\"@type\":\"WebPage\",\"@id\":\"https:\/\/fcrmedia.be\/fr\/lanceurs-dalerte\/\",\"url\":\"https:\/\/fcrmedia.be\/fr\/lanceurs-dalerte\/\",\"name\":\"Lanceurs d\u2019alerte | FCR Media\",\"isPartOf\":{\"@id\":\"https:\/\/fcrmedia.be\/fr\/#website\"},\"datePublished\":\"2023-11-15T07:45:12+00:00\",\"dateModified\":\"2025-09-23T10:31:44+00:00\",\"description\":\"La derni\u00e8re version de notre politique relative aux lanceurs d'alerte est disponible ici. T\u00e9l\u00e9chargez-la via le lien pour la consulter.\",\"breadcrumb\":{\"@id\":\"https:\/\/fcrmedia.be\/fr\/lanceurs-dalerte\/#breadcrumb\"},\"inLanguage\":\"fr-FR\",\"potentialAction\":[{\"@type\":\"ReadAction\",\"target\":[\"https:\/\/fcrmedia.be\/fr\/lanceurs-dalerte\/\"]}]},{\"@type\":\"BreadcrumbList\",\"@id\":\"https:\/\/fcrmedia.be\/fr\/lanceurs-dalerte\/#breadcrumb\",\"itemListElement\":[{\"@type\":\"ListItem\",\"position\":1,\"name\":\"Home\",\"item\":\"https:\/\/fcrmedia.be\/fr\/\"},{\"@type\":\"ListItem\",\"position\":2,\"name\":\"Lanceurs d\u2019alerte\"}]},{\"@type\":\"WebSite\",\"@id\":\"https:\/\/fcrmedia.be\/fr\/#website\",\"url\":\"https:\/\/fcrmedia.be\/fr\/\",\"name\":\"FCR Media\",\"description\":\"FCR Media - Marketing Services\",\"publisher\":{\"@id\":\"https:\/\/fcrmedia.be\/fr\/#organization\"},\"potentialAction\":[{\"@type\":\"SearchAction\",\"target\":{\"@type\":\"EntryPoint\",\"urlTemplate\":\"https:\/\/fcrmedia.be\/fr\/?s={search_term_string}\"},\"query-input\":{\"@type\":\"PropertyValueSpecification\",\"valueRequired\":true,\"valueName\":\"search_term_string\"}}],\"inLanguage\":\"fr-FR\"},{\"@type\":\"Organization\",\"@id\":\"https:\/\/fcrmedia.be\/fr\/#organization\",\"name\":\"FCR media\",\"url\":\"https:\/\/fcrmedia.be\/fr\/\",\"logo\":{\"@type\":\"ImageObject\",\"inLanguage\":\"fr-FR\",\"@id\":\"https:\/\/fcrmedia.be\/fr\/#\/schema\/logo\/image\/\",\"url\":\"https:\/\/fcrmedia.be\/wp-content\/uploads\/2021\/10\/Full-logo.svg\",\"contentUrl\":\"https:\/\/fcrmedia.be\/wp-content\/uploads\/2021\/10\/Full-logo.svg\",\"width\":146,\"height\":62,\"caption\":\"FCR media\"},\"image\":{\"@id\":\"https:\/\/fcrmedia.be\/fr\/#\/schema\/logo\/image\/\"}}]}<\/script>\n<!-- \/ Yoast SEO plugin. -->","yoast_head_json":{"title":"Lanceurs d\u2019alerte | FCR Media","description":"La derni\u00e8re version de notre politique relative aux lanceurs d'alerte est disponible ici. T\u00e9l\u00e9chargez-la via le lien pour la consulter.","robots":{"index":"index","follow":"follow","max-snippet":"max-snippet:-1","max-image-preview":"max-image-preview:large","max-video-preview":"max-video-preview:-1"},"canonical":"https:\/\/fcrmedia.be\/fr\/lanceurs-dalerte\/","og_locale":"fr_FR","og_type":"article","og_title":"Lanceurs d\u2019alerte | FCR Media","og_description":"La derni\u00e8re version de notre politique relative aux lanceurs d'alerte est disponible ici. T\u00e9l\u00e9chargez-la via le lien pour la consulter.","og_url":"https:\/\/fcrmedia.be\/fr\/lanceurs-dalerte\/","og_site_name":"FCR Media","article_modified_time":"2025-09-23T10:31:44+00:00","twitter_card":"summary_large_image","schema":{"@context":"https:\/\/schema.org","@graph":[{"@type":"WebPage","@id":"https:\/\/fcrmedia.be\/fr\/lanceurs-dalerte\/","url":"https:\/\/fcrmedia.be\/fr\/lanceurs-dalerte\/","name":"Lanceurs d\u2019alerte | FCR Media","isPartOf":{"@id":"https:\/\/fcrmedia.be\/fr\/#website"},"datePublished":"2023-11-15T07:45:12+00:00","dateModified":"2025-09-23T10:31:44+00:00","description":"La derni\u00e8re version de notre politique relative aux lanceurs d'alerte est disponible ici. T\u00e9l\u00e9chargez-la via le lien pour la consulter.","breadcrumb":{"@id":"https:\/\/fcrmedia.be\/fr\/lanceurs-dalerte\/#breadcrumb"},"inLanguage":"fr-FR","potentialAction":[{"@type":"ReadAction","target":["https:\/\/fcrmedia.be\/fr\/lanceurs-dalerte\/"]}]},{"@type":"BreadcrumbList","@id":"https:\/\/fcrmedia.be\/fr\/lanceurs-dalerte\/#breadcrumb","itemListElement":[{"@type":"ListItem","position":1,"name":"Home","item":"https:\/\/fcrmedia.be\/fr\/"},{"@type":"ListItem","position":2,"name":"Lanceurs d\u2019alerte"}]},{"@type":"WebSite","@id":"https:\/\/fcrmedia.be\/fr\/#website","url":"https:\/\/fcrmedia.be\/fr\/","name":"FCR Media","description":"FCR Media - Marketing Services","publisher":{"@id":"https:\/\/fcrmedia.be\/fr\/#organization"},"potentialAction":[{"@type":"SearchAction","target":{"@type":"EntryPoint","urlTemplate":"https:\/\/fcrmedia.be\/fr\/?s={search_term_string}"},"query-input":{"@type":"PropertyValueSpecification","valueRequired":true,"valueName":"search_term_string"}}],"inLanguage":"fr-FR"},{"@type":"Organization","@id":"https:\/\/fcrmedia.be\/fr\/#organization","name":"FCR media","url":"https:\/\/fcrmedia.be\/fr\/","logo":{"@type":"ImageObject","inLanguage":"fr-FR","@id":"https:\/\/fcrmedia.be\/fr\/#\/schema\/logo\/image\/","url":"https:\/\/fcrmedia.be\/wp-content\/uploads\/2021\/10\/Full-logo.svg","contentUrl":"https:\/\/fcrmedia.be\/wp-content\/uploads\/2021\/10\/Full-logo.svg","width":146,"height":62,"caption":"FCR media"},"image":{"@id":"https:\/\/fcrmedia.be\/fr\/#\/schema\/logo\/image\/"}}]}},"_links":{"self":[{"href":"https:\/\/fcrmedia.be\/fr\/wp-json\/wp\/v2\/pages\/5507","targetHints":{"allow":["GET"]}}],"collection":[{"href":"https:\/\/fcrmedia.be\/fr\/wp-json\/wp\/v2\/pages"}],"about":[{"href":"https:\/\/fcrmedia.be\/fr\/wp-json\/wp\/v2\/types\/page"}],"author":[{"embeddable":true,"href":"https:\/\/fcrmedia.be\/fr\/wp-json\/wp\/v2\/users\/24"}],"replies":[{"embeddable":true,"href":"https:\/\/fcrmedia.be\/fr\/wp-json\/wp\/v2\/comments?post=5507"}],"version-history":[{"count":5,"href":"https:\/\/fcrmedia.be\/fr\/wp-json\/wp\/v2\/pages\/5507\/revisions"}],"predecessor-version":[{"id":5523,"href":"https:\/\/fcrmedia.be\/fr\/wp-json\/wp\/v2\/pages\/5507\/revisions\/5523"}],"wp:attachment":[{"href":"https:\/\/fcrmedia.be\/fr\/wp-json\/wp\/v2\/media?parent=5507"}],"curies":[{"name":"wp","href":"https:\/\/api.w.org\/{rel}","templated":true}]}}