{"id":3935,"date":"2022-12-07T08:13:12","date_gmt":"2022-12-07T08:13:12","guid":{"rendered":"https:\/\/fcrmedia.be\/?page_id=3935"},"modified":"2025-09-23T10:29:54","modified_gmt":"2025-09-23T10:29:54","slug":"netsync-pour-enterprise","status":"publish","type":"page","link":"https:\/\/fcrmedia.be\/fr\/netsync-pour-enterprise\/","title":{"rendered":"NetSync Enterprise"},"content":{"rendered":"<section id=\"block-hero-block_45d7319731a20a3633cc8fe332cbc7ff\"\n         class=\"c-section c-section--background-light-blue -hero \">\n  <div class=\"c-hero\">\n    <div class=\"container\">\n            <div class=\"c-breadcrumbs\">\n                      <\/div>\n      <div class=\"row\">\n        <div class=\"c-hero__intro-col\">\n                      <h1 class=\"c-hero__title\">G\u00e9rer <span class=\"u-color-blue\">plusieurs implantations<\/span> sans effort<\/h1>\n                                <div class=\"c-hero__description\">\n              <p>Votre entreprise poss\u00e8de plusieurs sites ou est active en plusieurs endroits ? NetSync Enterprise vous fait gagner beaucoup de temps et permet de g\u00e9rer chaque implantation \u00e0 partir d\u2019un seul tableau de bord central. Une solution facile, rapide et compl\u00e8te&nbsp;!<\/p>\n\n            <\/div>\n          \n          \n                      <div class=\"c-hero__actions\">\n                                              <a href=\"https:\/\/experience.fcrmedia.be\/fr\/optez-pour-netsync-enterprise\" title=\"Choisir NetSync Enterprise\" \n                     class=\"c-button c-button--default c-button--primary\">\n                    Choisir NetSync Enterprise\n                  <\/a>\n                                            <\/div>\n                  <\/div>\n        <div class=\"c-hero__pictures-col\">\n          <div class=\"c-hero__pic u-holder\">\n            <svg class=\"c-hero__pic-mask\" viewBox=\"0 0 804 628\" fill=\"none\" xmlns=\"http:\/\/www.w3.org\/2000\/svg\">\n              <path fill-rule=\"evenodd\" clip-rule=\"evenodd\"\n                    d=\"M2.53842 423.564L118.186 0H0V442.317C0.00658443 436.133 0.825492 429.838 2.53842 423.564ZM0 442.467V628H804V0H803.998C803.901 1.17875 803.774 2.36116 803.617 3.54602L729.191 566.233C723.822 606.821 685.448 634.486 645.353 626.674L57.4111 512.115C23.3235 505.473 0.0351169 475.558 0 442.467Z\"\n                    fill=\"white\" stroke=\"white\" stroke-width=\"1\"\/>\n            <\/svg>\n          <\/div>\n          <div class=\"c-hero__image-box\">\n                        <picture>\n              <source type=\"image\/webp\" media=\"(min-width: 1440px)\"\n                      data-srcset=\"https:\/\/fcrmedia.be\/wp-content\/uploads\/2022\/11\/Afbeelding1.webp\">\n              <source type=\"image\/webp\" media=\"(min-width: 1000px)\"\n                      data-srcset=\"https:\/\/fcrmedia.be\/wp-content\/uploads\/2022\/11\/Afbeelding1.webp\">\n              <source type=\"image\/webp\" media=\"(min-width: 480px)\"\n                      data-srcset=\"https:\/\/fcrmedia.be\/wp-content\/uploads\/2022\/11\/Afbeelding1.webp\">\n              <img fetchpriority=\"high\" decoding=\"async\" loading=\"eager\" class=\"c-hero__image\" src=\"https:\/\/fcrmedia.be\/wp-content\/uploads\/2022\/11\/Afbeelding1-600x551.webp\"\n                   alt=\"netsync enterprise hero\" width=\"784\" height=\"720\">\n            <\/picture>\n                                  <\/div>\n        <\/div>\n      <\/div>\n    <\/div>\n  <\/div>\n<\/section>\n\n      \n  \n      \n  \n\n<section id=\"block-rich-text-image-block_8df583628742779966a68a8926c03f22\"\n         class=\"c-section c-section--background-white -rich-text-image \">\n  <div class=\"c-rich-text-image \">\n    <div class=\"container\">\n      <div class=\"grid\">\n        <div class=\"c-rich-text-image__col\">\n          <div class=\"c-rich-text-image__info\">\n            <div class=\"c-icon\">\n                              <img class=\"u-lazy\" data-src=\"https:\/\/fcrmedia.be\/wp-content\/uploads\/2021\/11\/Icon-circle-template-4.png\" alt=\"netsync icon\" width=\"32\" height=\"32\">\n                          <\/div>\n                          <h2 class=\"c-rich-text-image__title\">Des modifications simples et centralis\u00e9es<\/h2>\n                      <\/div>\n                      <div class=\"c-rich-text-image__desc\">\n              <p>Vous voulez modifier les heures d\u2019ouverture du site A, r\u00e9pondre \u00e0 un commentaire concernant le site B ou saisir les nouvelles donn\u00e9es du site C&nbsp;? C\u2019est d\u00e9sormais possible \u00e0 partir d\u2019un seul emplacement. Vous pouvez m\u00eame adapter les donn\u00e9es de toutes vos implantations en une fois.<\/p>\n<p>Un clic suffit pour mettre les donn\u00e9es \u00e0 jour instantan\u00e9ment sur votre Profil d\u2019entreprise Google et sur de nombreuses autres plateformes. Les donn\u00e9es de votre entreprise sont ainsi toujours \u00e0 jour&nbsp;!<\/p>\n\n            <\/div>\n                            <\/div>\n        <div class=\"c-rich-text-image__col\">\n          <div class=\"c-rich-text-image__pic\">\n                                      <div class=\"c-rich-text-image__img-big \">\n                <picture>\n                  <source type=\"image\/png\" media=\"(min-width: 1440px)\"\n                          data-srcset=\"https:\/\/fcrmedia.be\/wp-content\/uploads\/2022\/11\/Animatie-Slide06-1-1600x900.png\">\n                  <source type=\"image\/png\" media=\"(min-width: 1000px)\"\n                          data-srcset=\"https:\/\/fcrmedia.be\/wp-content\/uploads\/2022\/11\/Animatie-Slide06-1-1200x675.png\">\n                  <source type=\"image\/png\" media=\"(min-width: 480px)\"\n                          data-srcset=\"https:\/\/fcrmedia.be\/wp-content\/uploads\/2022\/11\/Animatie-Slide06-1-1000x563.png\">\n                  <img class=\"c-image-mask c-image-mask--angle-ccw u-lazy \"\n                       data-src=\"https:\/\/fcrmedia.be\/wp-content\/uploads\/2022\/11\/Animatie-Slide06-1-600x338.png\" alt=\"netsync enterprise\"\n                       width=\"2560\" height=\"1440\">\n                <\/picture>\n              <\/div>\n                                  <\/div>\n        <\/div>\n      <\/div>\n    <\/div>\n  <\/div>\n<\/section>\n\n<section id=\"block-rich-text-image-block_5dd465180fa661e3e2a4479b0f6ff6bc\"\n         class=\"c-section c-section--background-lighter-blue -rich-text-image \">\n  <div class=\"c-rich-text-image c-rich-text-image--reverse\">\n    <div class=\"container\">\n      <div class=\"grid\">\n        <div class=\"c-rich-text-image__col\">\n          <div class=\"c-rich-text-image__info\">\n            <div class=\"c-icon\">\n                              <img class=\"u-lazy\" data-src=\"https:\/\/fcrmedia.be\/wp-content\/uploads\/2021\/11\/Icon-circle-template-2.png\" alt=\"netsync list icon\" width=\"32\" height=\"32\">\n                          <\/div>\n                          <h2 class=\"c-rich-text-image__title\">Bien d\u2019autres avantages que la mise \u00e0 jour des donn\u00e9es<\/h2>\n                      <\/div>\n                      <div class=\"c-rich-text-image__desc\">\n              <p>NetSync Enterprise vous offre bien d\u2019autres avantages que la gestion centralis\u00e9e de vos donn\u00e9es d\u2019entreprise&nbsp;!<\/p>\n<ul>\n<li>Prot\u00e9ger vos donn\u00e9es d\u2019entreprise<\/li>\n<li>Suivre les avis de clients et y r\u00e9pondre<\/li>\n<li>Comparer votre entreprise \u00e0 5\u00a0concurrents<\/li>\n<li>G\u00e9rer et publier des communications sur les r\u00e9seaux sociaux<\/li>\n<li>Et bien plus encore&nbsp;!<\/li>\n<\/ul>\n<p>Envie de d\u00e9couvrir comment NetSync Enterprise peut faire la diff\u00e9rence pour toutes vos implantations ? Prenez rendez-vous, nous vous l\u2019expliquerons volontiers&nbsp;!<\/p>\n\n            <\/div>\n                                <div class=\"c-rich-text-image__action\">\n              <a href=\"https:\/\/experience.fcrmedia.be\/fr\/rendez-vous-netsync-enterprise\" title=\"Prendre rendez-vous\" \n                 class=\"c-button c-button--default c-button--primary\">\n                Prendre rendez-vous\n              <\/a>\n            <\/div>\n                  <\/div>\n        <div class=\"c-rich-text-image__col\">\n          <div class=\"c-rich-text-image__pic\">\n                                      <div class=\"c-rich-text-image__img-big \">\n                <picture>\n                  <source type=\"image\/png\" media=\"(min-width: 1440px)\"\n                          data-srcset=\"https:\/\/fcrmedia.be\/wp-content\/uploads\/2022\/11\/Animatie-Slide09b-1600x900.png\">\n                  <source type=\"image\/png\" media=\"(min-width: 1000px)\"\n                          data-srcset=\"https:\/\/fcrmedia.be\/wp-content\/uploads\/2022\/11\/Animatie-Slide09b-1200x675.png\">\n                  <source type=\"image\/png\" media=\"(min-width: 480px)\"\n                          data-srcset=\"https:\/\/fcrmedia.be\/wp-content\/uploads\/2022\/11\/Animatie-Slide09b-1000x563.png\">\n                  <img class=\"c-image-mask c-image-mask--angle-cw u-lazy \"\n                       data-src=\"https:\/\/fcrmedia.be\/wp-content\/uploads\/2022\/11\/Animatie-Slide09b-600x338.png\" alt=\"netsync enterprise\"\n                       width=\"2560\" height=\"1440\">\n                <\/picture>\n              <\/div>\n                                  <\/div>\n        <\/div>\n      <\/div>\n    <\/div>\n  <\/div>\n<\/section>\n\n<section id=\"block-rich-text-image-block_4cc9b7557fdf92f75c58c42009ed0bc8\"\n         class=\"c-section c-section--background-white -rich-text-image \">\n  <div class=\"c-rich-text-image \">\n    <div class=\"container\">\n      <div class=\"grid\">\n        <div class=\"c-rich-text-image__col\">\n          <div class=\"c-rich-text-image__info\">\n            <div class=\"c-icon\">\n                              <img class=\"u-lazy\" data-src=\"https:\/\/fcrmedia.be\/wp-content\/uploads\/2021\/10\/Icon-circle-template-3.png\" alt=\"Icon circle template\" width=\"32\" height=\"32\">\n                          <\/div>\n                          <h2 class=\"c-rich-text-image__title\">L\u2019importance de donn\u00e9es correctes<\/h2>\n                      <\/div>\n                      <div class=\"c-rich-text-image__desc\">\n              <p>En veillant \u00e0 ce que vos donn\u00e9es restent \u00e0 jour, vous facilitez la vie de vos clients, vous ne ratez aucune occasion d\u2019en gagner de nouveaux et vous obtenez un meilleur score dans l\u2019algorithme de recherche de Google. Votre entreprise est donc triplement gagnante&nbsp;!<\/p>\n\n            <\/div>\n                                <div class=\"c-rich-text-image__action\">\n              <a href=\"https:\/\/experience.fcrmedia.be\/fr\/demo-netsync-enterprise\" title=\"Prendre rendez-vous\" \n                 class=\"c-button c-button--default c-button--primary\">\n                Prendre rendez-vous\n              <\/a>\n            <\/div>\n                  <\/div>\n        <div class=\"c-rich-text-image__col\">\n          <div class=\"c-rich-text-image__pic\">\n                                      <div class=\"c-rich-text-image__img-big \">\n                <picture>\n                  <source type=\"image\/png\" media=\"(min-width: 1440px)\"\n                          data-srcset=\"https:\/\/fcrmedia.be\/wp-content\/uploads\/2022\/11\/Animatie-Slide10-1600x900.png\">\n                  <source type=\"image\/png\" media=\"(min-width: 1000px)\"\n                          data-srcset=\"https:\/\/fcrmedia.be\/wp-content\/uploads\/2022\/11\/Animatie-Slide10-1200x675.png\">\n                  <source type=\"image\/png\" media=\"(min-width: 480px)\"\n                          data-srcset=\"https:\/\/fcrmedia.be\/wp-content\/uploads\/2022\/11\/Animatie-Slide10-1000x563.png\">\n                  <img class=\"c-image-mask c-image-mask--angle-cw u-lazy \"\n                       data-src=\"https:\/\/fcrmedia.be\/wp-content\/uploads\/2022\/11\/Animatie-Slide10-600x338.png\" alt=\"netsync enterprise\"\n                       width=\"2560\" height=\"1440\">\n                <\/picture>\n              <\/div>\n                                  <\/div>\n        <\/div>\n      <\/div>\n    <\/div>\n  <\/div>\n<\/section>\n\n<section id=\"block-experts-slider-block_87c7407260b18987f8bc3359eed6f707\" class=\"c-section -experts-slider\">\n  <div class=\"c-expert-slider\">\n    <div class=\"container\">\n      <div class=\"grid\">\n        <div class=\"c-expert-slider__col-intro\" style=\"margin-right: 90px\">\n          <h2 class=\"c-expert-slider__title\">Nos experts sont \u00e0 votre service<\/h2>\n          <div class=\"c-expert-slider__desc\">\n            <p>Rencontrez les experts qui vous aident \u00e0 utiliser NetSync Enterprise.<\/p>\n          <\/div>\n          <div class=\"c-expert-slider__action\">\n                          <a href=\"https:\/\/experience.fcrmedia.be\/fr\/rendez-vous-netsync-enterprise\" title=\"Prendre un rendez-vous sans engagement\" class=\"c-button c-button--default c-button--white\">Prendre un rendez-vous sans engagement<\/a>\n                      <\/div>\n        <\/div>\n        \n        <div class=\"c-expert-slider__col-slider\">\n\n          <div class=\"c-expert-slider__wrapper\">\n            <div class=\"c-expert-slider__swiper swiper\">\n              <div class=\"swiper-wrapper\">\n                \n                                                                                <div class=\"swiper-slide\">\n                  <div class=\"c-expert-card\">\n                    <div class=\"c-expert-card__avatar\">\n                      <img class=\"swiper-lazy\" data-src=\"https:\/\/fcrmedia.be\/wp-content\/uploads\/2022\/11\/liesbeth-icon-1-150x150.webp\" alt=\"Liesbet Bruyndonckx\">\n                    <\/div>\n                    <div class=\"c-expert-card__info\">\n                      <h5 class=\"c-expert-card__name\">Liesbet Bruyndonckx<\/h5>\n                      <p class=\"c-expert-card__position\">Expert NetSync<\/p>\n                      <div class=\"c-expert-card__desc\">\n                        <p>En tant qu\u2019experte du num\u00e9rique, j\u2019assure l\u2019int\u00e9gration de vos donn\u00e9es d\u2019entreprise dans NetSync. Des informations correctes, entre autres des photos et du texte, sont ajout\u00e9es afin de garantir une synchronisation sans heurt avec votre Profil d\u2019entreprise Google et une trentaine de plateformes en ligne. Je vous aide ensuite \u00e0 g\u00e9rer vous-m\u00eame vos donn\u00e9es d\u2019entreprise, votre r\u00e9putation en ligne, vos publications sur les r\u00e9seaux sociaux et les avis. Je reste \u00e9galement \u00e0 votre disposition si vous avez des questions.<\/p>\n                      <\/div>\n                    <\/div>\n                  <\/div>\n                <\/div>\n                                                                                <div class=\"swiper-slide\">\n                  <div class=\"c-expert-card\">\n                    <div class=\"c-expert-card__avatar\">\n                      <img class=\"swiper-lazy\" data-src=\"https:\/\/fcrmedia.be\/wp-content\/uploads\/2022\/11\/marc-icon-150x150.webp\" alt=\"Marc De Cleene\">\n                    <\/div>\n                    <div class=\"c-expert-card__info\">\n                      <h5 class=\"c-expert-card__name\">Marc De Cleene<\/h5>\n                      <p class=\"c-expert-card__position\">Expert NetSync<\/p>\n                      <div class=\"c-expert-card__desc\">\n                        <p>NetSync Enterprise est une solution orient\u00e9e service qui vous propose un partenariat avec un expert. Je suis votre personne de confiance. Mon objectif est d\u2019aider les grandes entreprises pour que leurs implantations soient faciles \u00e0 trouver sur internet \u2013 sur Google et plus de 30\u00a0autres plateformes importantes.<\/p>\n                      <\/div>\n                    <\/div>\n                  <\/div>\n                <\/div>\n                \n              <\/div>\n            <\/div>\n            <div class=\"c-expert-slider__pagination\"><\/div>\n\n            <div class=\"c-expert-slider__nav\">\n                <div class=\"c-expert-slider__nav-prev\">\n                  <svg width=\"32\" height=\"33\" viewBox=\"0 0 32 33\" fill=\"none\" xmlns=\"http:\/\/www.w3.org\/2000\/svg\">\n                    <path fill-rule=\"evenodd\" clip-rule=\"evenodd\" d=\"M23.3775 3.14216C23.7717 3.54825 23.7626 4.19759 23.3573 4.59249L11.4779 16.1649L23.3573 27.7373C23.7626 28.1322 23.7717 28.7815 23.3775 29.1876C22.9833 29.5937 22.3351 29.6028 21.9298 29.2079L9.89136 17.4805C9.7166 17.3105 9.57638 17.1071 9.48017 16.881C9.38392 16.6549 9.33398 16.4114 9.33398 16.1649C9.33398 15.9183 9.38392 15.6749 9.48017 15.4487C9.57629 15.2229 9.71633 15.0196 9.89085 14.8497C9.89102 14.8496 9.89119 14.8494 9.89136 14.8492L21.9298 3.12188C22.3351 2.72698 22.9833 2.73606 23.3775 3.14216ZM11.3178 16.0089C11.318 16.0091 11.3182 16.0092 11.3183 16.0094L11.3178 16.0089Z\" fill=\"#101010\"\/>\n                  <\/svg>\n                <\/div>\n                <div class=\"c-expert-slider__nav-next\">\n                  <svg width=\"32\" height=\"33\" viewBox=\"0 0 32 33\" fill=\"none\" xmlns=\"http:\/\/www.w3.org\/2000\/svg\">\n                    <path fill-rule=\"evenodd\" clip-rule=\"evenodd\" d=\"M8.28016 3.15474C8.66939 2.7407 9.31909 2.72199 9.73131 3.11294L22.091 14.8351C22.2693 15.004 22.4142 15.2078 22.5142 15.4366C22.6143 15.6655 22.6667 15.9132 22.6667 16.1649C22.6667 16.4165 22.6143 16.6642 22.5142 16.8931C22.4142 17.1219 22.2693 17.3257 22.091 17.4946L9.73131 29.2168C9.31909 29.6078 8.66939 29.5891 8.28016 29.175C7.89093 28.761 7.90956 28.1084 8.32177 27.7175L20.5026 16.1649L8.32177 4.6123C7.90956 4.22134 7.89093 3.56877 8.28016 3.15474Z\" fill=\"#101010\"\/>\n                  <\/svg>\n                <\/div>\n              <\/div>\n          <\/div>\n\n          <div class=\"c-expert-slider__thumbs-wrapper\">\n            \n            <div class=\"c-expert-slider__swiper-thumbs swiper\">\n              <div class=\"swiper-wrapper\">\n                \n                                                                                        <div class=\"swiper-slide\">\n                    <div class=\"c-expert-thumb\">\n                      <div class=\"c-expert-thumb__avatar\">\n                        <img class=\"swiper-lazy\" data-src=\"https:\/\/fcrmedia.be\/wp-content\/uploads\/2022\/11\/liesbeth-icon-1-150x150.webp\" alt=\"Liesbet Bruyndonckx\">\n                      <\/div>\n                      <div class=\"c-expert-thumb__info\">\n                        <h5 class=\"c-expert-thumb__name\">Liesbet Bruyndonckx<\/h5>\n                        <p class=\"c-expert-thumb__position\">Expert NetSync<\/p>\n                      <\/div>\n                    <\/div>\n                  <\/div>\n                                                                                        <div class=\"swiper-slide\">\n                    <div class=\"c-expert-thumb\">\n                      <div class=\"c-expert-thumb__avatar\">\n                        <img class=\"swiper-lazy\" data-src=\"https:\/\/fcrmedia.be\/wp-content\/uploads\/2022\/11\/marc-icon-150x150.webp\" alt=\"Marc De Cleene\">\n                      <\/div>\n                      <div class=\"c-expert-thumb__info\">\n                        <h5 class=\"c-expert-thumb__name\">Marc De Cleene<\/h5>\n                        <p class=\"c-expert-thumb__position\">Expert NetSync<\/p>\n                      <\/div>\n                    <\/div>\n                  <\/div>\n                \n              <\/div>\n            <\/div>\n          <\/div>\n\n        <\/div>\n      <\/div>\n    <\/div>\n  <\/div>\n<\/section>\n\n\n<p>&nbsp;<!-- Elfsight Google Reviews | Google Reviews Liege -->\n<script src=\"https:\/\/static.elfsight.com\/platform\/platform.js\" async><\/script>\n<div class=\"elfsight-app-aa773b68-9220-4324-802c-ef2d34df054e\" data-elfsight-app-lazy style=\"padding: 16px 0px\"><\/div>\n","protected":false},"excerpt":{"rendered":"<p>&nbsp;<\/p>\n","protected":false},"author":24,"featured_media":0,"parent":0,"menu_order":0,"comment_status":"closed","ping_status":"closed","template":"","meta":{"_acf_changed":false,"footnotes":""},"class_list":["post-3935","page","type-page","status-publish","hentry"],"acf":[],"yoast_head":"<!-- This site is optimized with the Yoast SEO plugin v27.1.1 - https:\/\/yoast.com\/product\/yoast-seo-wordpress\/ -->\n<title>NetSync Enterprise | FCR Media<\/title>\n<meta name=\"description\" content=\"Votre entreprise poss\u00e8de plusieurs succursales ? G\u00e9rez-les toutes \u00e0 partir d&#039;une seule plateforme pratique, NetSync Enterprise !\" \/>\n<meta name=\"robots\" content=\"index, follow, max-snippet:-1, max-image-preview:large, max-video-preview:-1\" \/>\n<link rel=\"canonical\" href=\"https:\/\/fcrmedia.be\/fr\/netsync-pour-enterprise\/\" \/>\n<meta property=\"og:locale\" content=\"fr_FR\" \/>\n<meta property=\"og:type\" content=\"article\" \/>\n<meta property=\"og:title\" content=\"NetSync Enterprise | FCR Media\" \/>\n<meta property=\"og:description\" content=\"Votre entreprise poss\u00e8de plusieurs succursales ? G\u00e9rez-les toutes \u00e0 partir d&#039;une seule plateforme pratique, NetSync Enterprise !\" \/>\n<meta property=\"og:url\" content=\"https:\/\/fcrmedia.be\/fr\/netsync-pour-enterprise\/\" \/>\n<meta property=\"og:site_name\" content=\"FCR Media\" \/>\n<meta property=\"article:modified_time\" content=\"2025-09-23T10:29:54+00:00\" \/>\n<meta name=\"twitter:card\" content=\"summary_large_image\" \/>\n<script type=\"application\/ld+json\" class=\"yoast-schema-graph\">{\"@context\":\"https:\/\/schema.org\",\"@graph\":[{\"@type\":\"WebPage\",\"@id\":\"https:\/\/fcrmedia.be\/fr\/netsync-pour-enterprise\/\",\"url\":\"https:\/\/fcrmedia.be\/fr\/netsync-pour-enterprise\/\",\"name\":\"NetSync Enterprise | FCR Media\",\"isPartOf\":{\"@id\":\"https:\/\/fcrmedia.be\/fr\/#website\"},\"datePublished\":\"2022-12-07T08:13:12+00:00\",\"dateModified\":\"2025-09-23T10:29:54+00:00\",\"description\":\"Votre entreprise poss\u00e8de plusieurs succursales ? G\u00e9rez-les toutes \u00e0 partir d'une seule plateforme pratique, NetSync Enterprise !\",\"breadcrumb\":{\"@id\":\"https:\/\/fcrmedia.be\/fr\/netsync-pour-enterprise\/#breadcrumb\"},\"inLanguage\":\"fr-FR\",\"potentialAction\":[{\"@type\":\"ReadAction\",\"target\":[\"https:\/\/fcrmedia.be\/fr\/netsync-pour-enterprise\/\"]}]},{\"@type\":\"BreadcrumbList\",\"@id\":\"https:\/\/fcrmedia.be\/fr\/netsync-pour-enterprise\/#breadcrumb\",\"itemListElement\":[{\"@type\":\"ListItem\",\"position\":1,\"name\":\"Home\",\"item\":\"https:\/\/fcrmedia.be\/fr\/\"},{\"@type\":\"ListItem\",\"position\":2,\"name\":\"NetSync Enterprise\"}]},{\"@type\":\"WebSite\",\"@id\":\"https:\/\/fcrmedia.be\/fr\/#website\",\"url\":\"https:\/\/fcrmedia.be\/fr\/\",\"name\":\"FCR Media\",\"description\":\"FCR Media - Marketing Services\",\"publisher\":{\"@id\":\"https:\/\/fcrmedia.be\/fr\/#organization\"},\"potentialAction\":[{\"@type\":\"SearchAction\",\"target\":{\"@type\":\"EntryPoint\",\"urlTemplate\":\"https:\/\/fcrmedia.be\/fr\/?s={search_term_string}\"},\"query-input\":{\"@type\":\"PropertyValueSpecification\",\"valueRequired\":true,\"valueName\":\"search_term_string\"}}],\"inLanguage\":\"fr-FR\"},{\"@type\":\"Organization\",\"@id\":\"https:\/\/fcrmedia.be\/fr\/#organization\",\"name\":\"FCR media\",\"url\":\"https:\/\/fcrmedia.be\/fr\/\",\"logo\":{\"@type\":\"ImageObject\",\"inLanguage\":\"fr-FR\",\"@id\":\"https:\/\/fcrmedia.be\/fr\/#\/schema\/logo\/image\/\",\"url\":\"https:\/\/fcrmedia.be\/wp-content\/uploads\/2021\/10\/Full-logo.svg\",\"contentUrl\":\"https:\/\/fcrmedia.be\/wp-content\/uploads\/2021\/10\/Full-logo.svg\",\"width\":146,\"height\":62,\"caption\":\"FCR media\"},\"image\":{\"@id\":\"https:\/\/fcrmedia.be\/fr\/#\/schema\/logo\/image\/\"}}]}<\/script>\n<!-- \/ Yoast SEO plugin. -->","yoast_head_json":{"title":"NetSync Enterprise | FCR Media","description":"Votre entreprise poss\u00e8de plusieurs succursales ? G\u00e9rez-les toutes \u00e0 partir d'une seule plateforme pratique, NetSync Enterprise !","robots":{"index":"index","follow":"follow","max-snippet":"max-snippet:-1","max-image-preview":"max-image-preview:large","max-video-preview":"max-video-preview:-1"},"canonical":"https:\/\/fcrmedia.be\/fr\/netsync-pour-enterprise\/","og_locale":"fr_FR","og_type":"article","og_title":"NetSync Enterprise | FCR Media","og_description":"Votre entreprise poss\u00e8de plusieurs succursales ? G\u00e9rez-les toutes \u00e0 partir d'une seule plateforme pratique, NetSync Enterprise !","og_url":"https:\/\/fcrmedia.be\/fr\/netsync-pour-enterprise\/","og_site_name":"FCR Media","article_modified_time":"2025-09-23T10:29:54+00:00","twitter_card":"summary_large_image","schema":{"@context":"https:\/\/schema.org","@graph":[{"@type":"WebPage","@id":"https:\/\/fcrmedia.be\/fr\/netsync-pour-enterprise\/","url":"https:\/\/fcrmedia.be\/fr\/netsync-pour-enterprise\/","name":"NetSync Enterprise | FCR Media","isPartOf":{"@id":"https:\/\/fcrmedia.be\/fr\/#website"},"datePublished":"2022-12-07T08:13:12+00:00","dateModified":"2025-09-23T10:29:54+00:00","description":"Votre entreprise poss\u00e8de plusieurs succursales ? G\u00e9rez-les toutes \u00e0 partir d'une seule plateforme pratique, NetSync Enterprise !","breadcrumb":{"@id":"https:\/\/fcrmedia.be\/fr\/netsync-pour-enterprise\/#breadcrumb"},"inLanguage":"fr-FR","potentialAction":[{"@type":"ReadAction","target":["https:\/\/fcrmedia.be\/fr\/netsync-pour-enterprise\/"]}]},{"@type":"BreadcrumbList","@id":"https:\/\/fcrmedia.be\/fr\/netsync-pour-enterprise\/#breadcrumb","itemListElement":[{"@type":"ListItem","position":1,"name":"Home","item":"https:\/\/fcrmedia.be\/fr\/"},{"@type":"ListItem","position":2,"name":"NetSync Enterprise"}]},{"@type":"WebSite","@id":"https:\/\/fcrmedia.be\/fr\/#website","url":"https:\/\/fcrmedia.be\/fr\/","name":"FCR Media","description":"FCR Media - Marketing Services","publisher":{"@id":"https:\/\/fcrmedia.be\/fr\/#organization"},"potentialAction":[{"@type":"SearchAction","target":{"@type":"EntryPoint","urlTemplate":"https:\/\/fcrmedia.be\/fr\/?s={search_term_string}"},"query-input":{"@type":"PropertyValueSpecification","valueRequired":true,"valueName":"search_term_string"}}],"inLanguage":"fr-FR"},{"@type":"Organization","@id":"https:\/\/fcrmedia.be\/fr\/#organization","name":"FCR media","url":"https:\/\/fcrmedia.be\/fr\/","logo":{"@type":"ImageObject","inLanguage":"fr-FR","@id":"https:\/\/fcrmedia.be\/fr\/#\/schema\/logo\/image\/","url":"https:\/\/fcrmedia.be\/wp-content\/uploads\/2021\/10\/Full-logo.svg","contentUrl":"https:\/\/fcrmedia.be\/wp-content\/uploads\/2021\/10\/Full-logo.svg","width":146,"height":62,"caption":"FCR media"},"image":{"@id":"https:\/\/fcrmedia.be\/fr\/#\/schema\/logo\/image\/"}}]}},"_links":{"self":[{"href":"https:\/\/fcrmedia.be\/fr\/wp-json\/wp\/v2\/pages\/3935","targetHints":{"allow":["GET"]}}],"collection":[{"href":"https:\/\/fcrmedia.be\/fr\/wp-json\/wp\/v2\/pages"}],"about":[{"href":"https:\/\/fcrmedia.be\/fr\/wp-json\/wp\/v2\/types\/page"}],"author":[{"embeddable":true,"href":"https:\/\/fcrmedia.be\/fr\/wp-json\/wp\/v2\/users\/24"}],"replies":[{"embeddable":true,"href":"https:\/\/fcrmedia.be\/fr\/wp-json\/wp\/v2\/comments?post=3935"}],"version-history":[{"count":3,"href":"https:\/\/fcrmedia.be\/fr\/wp-json\/wp\/v2\/pages\/3935\/revisions"}],"predecessor-version":[{"id":7560,"href":"https:\/\/fcrmedia.be\/fr\/wp-json\/wp\/v2\/pages\/3935\/revisions\/7560"}],"wp:attachment":[{"href":"https:\/\/fcrmedia.be\/fr\/wp-json\/wp\/v2\/media?parent=3935"}],"curies":[{"name":"wp","href":"https:\/\/api.w.org\/{rel}","templated":true}]}}