{"id":3441,"date":"2022-05-16T07:51:03","date_gmt":"2022-05-16T07:51:03","guid":{"rendered":"https:\/\/fcrmedia.be\/?page_id=3441"},"modified":"2025-09-23T10:29:25","modified_gmt":"2025-09-23T10:29:25","slug":"nouvelles-et-prix","status":"publish","type":"page","link":"https:\/\/fcrmedia.be\/fr\/nouvelles-et-prix\/","title":{"rendered":"Nouvelles et prix"},"content":{"rendered":"<section id=\"block-hero-block_427623e301c3834833fcbefda44d4f05\"\n         class=\"c-section c-section--background-white -hero \">\n  <div class=\"c-hero\">\n    <div class=\"container\">\n            <div class=\"c-breadcrumbs\">\n                      <\/div>\n      <div class=\"row\">\n        <div class=\"c-hero__intro-col\">\n                      <h1 class=\"c-hero__title\">Nouvelles et <span class=\"u-color-blue\">prix<\/span><\/h1>\n                                <div class=\"c-hero__description\">\n              <p>Lisez-le ici lorsque FCR Media appara\u00eet dans l&rsquo;actualit\u00e9 avec des communiqu\u00e9s de presse ou des interviews.<\/p>\n\n            <\/div>\n          \n          \n                  <\/div>\n        <div class=\"c-hero__pictures-col\">\n          <div class=\"c-hero__pic u-holder\">\n            <svg class=\"c-hero__pic-mask\" viewBox=\"0 0 804 628\" fill=\"none\" xmlns=\"http:\/\/www.w3.org\/2000\/svg\">\n              <path fill-rule=\"evenodd\" clip-rule=\"evenodd\"\n                    d=\"M2.53842 423.564L118.186 0H0V442.317C0.00658443 436.133 0.825492 429.838 2.53842 423.564ZM0 442.467V628H804V0H803.998C803.901 1.17875 803.774 2.36116 803.617 3.54602L729.191 566.233C723.822 606.821 685.448 634.486 645.353 626.674L57.4111 512.115C23.3235 505.473 0.0351169 475.558 0 442.467Z\"\n                    fill=\"white\" stroke=\"white\" stroke-width=\"1\"\/>\n            <\/svg>\n          <\/div>\n          <div class=\"c-hero__image-box\">\n                        <picture>\n              <source type=\"image\/jpeg\" media=\"(min-width: 1440px)\"\n                      data-srcset=\"https:\/\/fcrmedia.be\/wp-content\/uploads\/2022\/03\/digital-scan-2.jpg\">\n              <source type=\"image\/jpeg\" media=\"(min-width: 1000px)\"\n                      data-srcset=\"https:\/\/fcrmedia.be\/wp-content\/uploads\/2022\/03\/digital-scan-2.jpg\">\n              <source type=\"image\/jpeg\" media=\"(min-width: 480px)\"\n                      data-srcset=\"https:\/\/fcrmedia.be\/wp-content\/uploads\/2022\/03\/digital-scan-2.jpg\">\n              <img fetchpriority=\"high\" decoding=\"async\" loading=\"eager\" class=\"c-hero__image\" src=\"https:\/\/fcrmedia.be\/wp-content\/uploads\/2022\/03\/digital-scan-2.jpg\"\n                   alt=\"Digital Scan\" width=\"600\" height=\"296\">\n            <\/picture>\n                                  <\/div>\n        <\/div>\n      <\/div>\n    <\/div>\n  <\/div>\n<\/section>\n\n\n\n\n<section id=\"block-card-services-block_e92fcb8591b4560c99e4eb811dcbf56a\" class=\"c-section c-section--background-white -news-awards \">\n  <div class=\"c-news-awards\">\n    <div class=\"container\">\n      <div class=\"c-news-awards__grid grid\">\n        \n                  <div class=\"c-news-awards__item\">\n                      <a href=\"https:\/\/fcrmedia.be\/fr\/tip\/fcr-media-a-nouveau-dans-le-top-10-des-agences-digitales-belges\/\" title=\"FCR Media dans le top 10 des agences digitales belges\" class=\"c-card\">\n              <div class=\"c-card__body c-card__body--full\">\n                <div class=\"c-card__intro\">\n                  <div class=\"c-card__news-head\">\n                                        <div class=\"c-news-awards__icon\">\n                      <img class=\"u-lazy\" data-src=\"\">\n                    <\/div>\n                    <span class=\"c-card__category\"><\/span>\n                                      <\/div>\n                  <h5 class=\"c-card__title c-card__title--mbottom\">\n                    FCR Media dans le top 10 des agences digitales belges\n                  <\/h5>\n                <\/div>\n                <div class=\"c-card__details\">\n                  <span class=\"c-card__date\">22 Mar 2024<\/span>\n                  <span class=\"c-card__middot c-card__middot--darken\">&middot;<\/span>\n                  <span class=\"c-card__time c-card__time--darken\">2 minutes<\/span>\n                <\/div>\n              <\/div>\n            <\/a>\n          <\/div>\n                  <div class=\"c-news-awards__item\">\n                      <a href=\"https:\/\/fcrmedia.be\/fr\/tip\/fcr-media-renforce-sa-position-sur-le-marche-neerlandais-avec-lacquisition-de-youvia\/\" title=\"FCR Media fait l\u2019acquisition de Youvia\" class=\"c-card\">\n              <div class=\"c-card__body c-card__body--full\">\n                <div class=\"c-card__intro\">\n                  <div class=\"c-card__news-head\">\n                                        <div class=\"c-news-awards__icon\">\n                      <img class=\"u-lazy\" data-src=\"\">\n                    <\/div>\n                    <span class=\"c-card__category\"><\/span>\n                                      <\/div>\n                  <h5 class=\"c-card__title c-card__title--mbottom\">\n                    FCR Media fait l\u2019acquisition de Youvia\n                  <\/h5>\n                <\/div>\n                <div class=\"c-card__details\">\n                  <span class=\"c-card__date\">14 Mar 2022<\/span>\n                  <span class=\"c-card__middot c-card__middot--darken\">&middot;<\/span>\n                  <span class=\"c-card__time c-card__time--darken\">5 minutes<\/span>\n                <\/div>\n              <\/div>\n            <\/a>\n          <\/div>\n                  <div class=\"c-news-awards__item\">\n                      <a href=\"https:\/\/fcrmedia.be\/fr\/tip\/fcr-media-reste-un-leader-dans-le-domaine-du-marketing-numerique\/\" title=\"FCR Media reste leader en marketing digital\" class=\"c-card\">\n              <div class=\"c-card__body c-card__body--full\">\n                <div class=\"c-card__intro\">\n                  <div class=\"c-card__news-head\">\n                                        <div class=\"c-news-awards__icon\">\n                      <img class=\"u-lazy\" data-src=\"\">\n                    <\/div>\n                    <span class=\"c-card__category\"><\/span>\n                                      <\/div>\n                  <h5 class=\"c-card__title c-card__title--mbottom\">\n                    FCR Media reste leader en marketing digital\n                  <\/h5>\n                <\/div>\n                <div class=\"c-card__details\">\n                  <span class=\"c-card__date\">04 Mar 2022<\/span>\n                  <span class=\"c-card__middot c-card__middot--darken\">&middot;<\/span>\n                  <span class=\"c-card__time c-card__time--darken\">2 min<\/span>\n                <\/div>\n              <\/div>\n            <\/a>\n          <\/div>\n                  <div class=\"c-news-awards__item\">\n                      <a href=\"https:\/\/fcrmedia.be\/fr\/tip\/pages-dor-passage-du-papier-au-numerique\/\" title=\"Pages d\u2019Or\u00a0: passage du papier au num\u00e9rique\" class=\"c-card\">\n              <div class=\"c-card__body c-card__body--full\">\n                <div class=\"c-card__intro\">\n                  <div class=\"c-card__news-head\">\n                                        <div class=\"c-news-awards__icon\">\n                      <img class=\"u-lazy\" data-src=\"\">\n                    <\/div>\n                    <span class=\"c-card__category\"><\/span>\n                                      <\/div>\n                  <h5 class=\"c-card__title c-card__title--mbottom\">\n                    Pages d\u2019Or\u00a0: passage du papier au num\u00e9rique\n                  <\/h5>\n                <\/div>\n                <div class=\"c-card__details\">\n                  <span class=\"c-card__date\">30 Mar 2021<\/span>\n                  <span class=\"c-card__middot c-card__middot--darken\">&middot;<\/span>\n                  <span class=\"c-card__time c-card__time--darken\">2 minutes<\/span>\n                <\/div>\n              <\/div>\n            <\/a>\n          <\/div>\n                  <div class=\"c-news-awards__item\">\n                      <a href=\"https:\/\/fcrmedia.be\/fr\/tip\/les-pages-dor-et-les-pages-blanches-desormais-en-version-digitale-uniquement\/\" title=\"Les Pages d\u2019Or et Pages Blanches d\u00e9sormais 100% num\u00e9riques\" class=\"c-card\">\n              <div class=\"c-card__body c-card__body--full\">\n                <div class=\"c-card__intro\">\n                  <div class=\"c-card__news-head\">\n                                        <div class=\"c-news-awards__icon\">\n                      <img class=\"u-lazy\" data-src=\"\">\n                    <\/div>\n                    <span class=\"c-card__category\"><\/span>\n                                      <\/div>\n                  <h5 class=\"c-card__title c-card__title--mbottom\">\n                    Les Pages d\u2019Or et Pages Blanches d\u00e9sormais 100% num\u00e9riques\n                  <\/h5>\n                <\/div>\n                <div class=\"c-card__details\">\n                  <span class=\"c-card__date\">24 Jan 2022<\/span>\n                  <span class=\"c-card__middot c-card__middot--darken\">&middot;<\/span>\n                  <span class=\"c-card__time c-card__time--darken\">4 minutes<\/span>\n                <\/div>\n              <\/div>\n            <\/a>\n          <\/div>\n                  <div class=\"c-news-awards__item\">\n                      <a href=\"https:\/\/fcrmedia.be\/fr\/tip\/cette-annee-fcr-media-decroche-la-deuxieme-place-dans-le-top-100-de-digimedia-qui-recense-les-plus-grandes-agences-digitales-belges\/\" title=\"FCR Media arrive 2e dans le Top 100 de Digimedia\" class=\"c-card\">\n              <div class=\"c-card__body c-card__body--full\">\n                <div class=\"c-card__intro\">\n                  <div class=\"c-card__news-head\">\n                                        <div class=\"c-news-awards__icon\">\n                      <img class=\"u-lazy\" data-src=\"\">\n                    <\/div>\n                    <span class=\"c-card__category\"><\/span>\n                                      <\/div>\n                  <h5 class=\"c-card__title c-card__title--mbottom\">\n                    FCR Media arrive 2e dans le Top 100 de Digimedia\n                  <\/h5>\n                <\/div>\n                <div class=\"c-card__details\">\n                  <span class=\"c-card__date\">31 Mar 2021<\/span>\n                  <span class=\"c-card__middot c-card__middot--darken\">&middot;<\/span>\n                  <span class=\"c-card__time c-card__time--darken\">3 minutes<\/span>\n                <\/div>\n              <\/div>\n            <\/a>\n          <\/div>\n                  <div class=\"c-news-awards__item\">\n                      <a href=\"https:\/\/fcrmedia.be\/fr\/tip\/fcr-media-a-peine-une-pme-belge-sur-quatre-fait-du-commerce-electronique\/\" title=\"\u00c0 peine une PME belge sur quatre fait du commerce \u00e9lectronique\" class=\"c-card\">\n              <div class=\"c-card__body c-card__body--full\">\n                <div class=\"c-card__intro\">\n                  <div class=\"c-card__news-head\">\n                                        <div class=\"c-news-awards__icon\">\n                      <img class=\"u-lazy\" data-src=\"\">\n                    <\/div>\n                    <span class=\"c-card__category\"><\/span>\n                                      <\/div>\n                  <h5 class=\"c-card__title c-card__title--mbottom\">\n                    \u00c0 peine une PME belge sur quatre fait du commerce \u00e9lectronique\n                  <\/h5>\n                <\/div>\n                <div class=\"c-card__details\">\n                  <span class=\"c-card__date\">24 Jan 2022<\/span>\n                  <span class=\"c-card__middot c-card__middot--darken\">&middot;<\/span>\n                  <span class=\"c-card__time c-card__time--darken\">4 minutes<\/span>\n                <\/div>\n              <\/div>\n            <\/a>\n          <\/div>\n                  <div class=\"c-news-awards__item\">\n                      <a href=\"https:\/\/fcrmedia.be\/fr\/tip\/lancement-du-livre-guide-du-marketing-numerique-pour-les-pme\/\" title=\"Lancement du livre : Guide du marketing num\u00e9rique pour les PME\" class=\"c-card\">\n              <div class=\"c-card__body c-card__body--full\">\n                <div class=\"c-card__intro\">\n                  <div class=\"c-card__news-head\">\n                                        <div class=\"c-news-awards__icon\">\n                      <img class=\"u-lazy\" data-src=\"\">\n                    <\/div>\n                    <span class=\"c-card__category\"><\/span>\n                                      <\/div>\n                  <h5 class=\"c-card__title c-card__title--mbottom\">\n                    Lancement du livre : Guide du marketing num\u00e9rique pour les PME\n                  <\/h5>\n                <\/div>\n                <div class=\"c-card__details\">\n                  <span class=\"c-card__date\">18 Mai 2022<\/span>\n                  <span class=\"c-card__middot c-card__middot--darken\">&middot;<\/span>\n                  <span class=\"c-card__time c-card__time--darken\">5 minutes<\/span>\n                <\/div>\n              <\/div>\n            <\/a>\n          <\/div>\n              <\/div>\n    <\/div>\n  <\/div>\n<\/section>","protected":false},"excerpt":{"rendered":"","protected":false},"author":24,"featured_media":0,"parent":0,"menu_order":0,"comment_status":"closed","ping_status":"closed","template":"","meta":{"_acf_changed":false,"footnotes":""},"class_list":["post-3441","page","type-page","status-publish","hentry"],"acf":[],"yoast_head":"<!-- This site is optimized with the Yoast SEO plugin v27.1.1 - https:\/\/yoast.com\/product\/yoast-seo-wordpress\/ -->\n<title>Nouvelles et prix | FCR Media<\/title>\n<meta name=\"description\" content=\"FCR Media fait parfois l&#039;actualit\u00e9. D\u00e9couvrez ici nos derniers communiqu\u00e9s, annonces et interviews en ligne !\" \/>\n<meta name=\"robots\" content=\"index, follow, max-snippet:-1, max-image-preview:large, max-video-preview:-1\" \/>\n<link rel=\"canonical\" href=\"https:\/\/fcrmedia.be\/fr\/nouvelles-et-prix\/\" \/>\n<meta property=\"og:locale\" content=\"fr_FR\" \/>\n<meta property=\"og:type\" content=\"article\" \/>\n<meta property=\"og:title\" content=\"Nouvelles et prix | FCR Media\" \/>\n<meta property=\"og:description\" content=\"FCR Media fait parfois l&#039;actualit\u00e9. D\u00e9couvrez ici nos derniers communiqu\u00e9s, annonces et interviews en ligne !\" \/>\n<meta property=\"og:url\" content=\"https:\/\/fcrmedia.be\/fr\/nouvelles-et-prix\/\" \/>\n<meta property=\"og:site_name\" content=\"FCR Media\" \/>\n<meta property=\"article:modified_time\" content=\"2025-09-23T10:29:25+00:00\" \/>\n<meta name=\"twitter:card\" content=\"summary_large_image\" \/>\n<script type=\"application\/ld+json\" class=\"yoast-schema-graph\">{\"@context\":\"https:\/\/schema.org\",\"@graph\":[{\"@type\":\"WebPage\",\"@id\":\"https:\/\/fcrmedia.be\/fr\/nouvelles-et-prix\/\",\"url\":\"https:\/\/fcrmedia.be\/fr\/nouvelles-et-prix\/\",\"name\":\"Nouvelles et prix | FCR Media\",\"isPartOf\":{\"@id\":\"https:\/\/fcrmedia.be\/fr\/#website\"},\"datePublished\":\"2022-05-16T07:51:03+00:00\",\"dateModified\":\"2025-09-23T10:29:25+00:00\",\"description\":\"FCR Media fait parfois l'actualit\u00e9. D\u00e9couvrez ici nos derniers communiqu\u00e9s, annonces et interviews en ligne !\",\"breadcrumb\":{\"@id\":\"https:\/\/fcrmedia.be\/fr\/nouvelles-et-prix\/#breadcrumb\"},\"inLanguage\":\"fr-FR\",\"potentialAction\":[{\"@type\":\"ReadAction\",\"target\":[\"https:\/\/fcrmedia.be\/fr\/nouvelles-et-prix\/\"]}]},{\"@type\":\"BreadcrumbList\",\"@id\":\"https:\/\/fcrmedia.be\/fr\/nouvelles-et-prix\/#breadcrumb\",\"itemListElement\":[{\"@type\":\"ListItem\",\"position\":1,\"name\":\"Home\",\"item\":\"https:\/\/fcrmedia.be\/fr\/\"},{\"@type\":\"ListItem\",\"position\":2,\"name\":\"Nouvelles et prix\"}]},{\"@type\":\"WebSite\",\"@id\":\"https:\/\/fcrmedia.be\/fr\/#website\",\"url\":\"https:\/\/fcrmedia.be\/fr\/\",\"name\":\"FCR Media\",\"description\":\"FCR Media - Marketing Services\",\"publisher\":{\"@id\":\"https:\/\/fcrmedia.be\/fr\/#organization\"},\"potentialAction\":[{\"@type\":\"SearchAction\",\"target\":{\"@type\":\"EntryPoint\",\"urlTemplate\":\"https:\/\/fcrmedia.be\/fr\/?s={search_term_string}\"},\"query-input\":{\"@type\":\"PropertyValueSpecification\",\"valueRequired\":true,\"valueName\":\"search_term_string\"}}],\"inLanguage\":\"fr-FR\"},{\"@type\":\"Organization\",\"@id\":\"https:\/\/fcrmedia.be\/fr\/#organization\",\"name\":\"FCR media\",\"url\":\"https:\/\/fcrmedia.be\/fr\/\",\"logo\":{\"@type\":\"ImageObject\",\"inLanguage\":\"fr-FR\",\"@id\":\"https:\/\/fcrmedia.be\/fr\/#\/schema\/logo\/image\/\",\"url\":\"https:\/\/fcrmedia.be\/wp-content\/uploads\/2021\/10\/Full-logo.svg\",\"contentUrl\":\"https:\/\/fcrmedia.be\/wp-content\/uploads\/2021\/10\/Full-logo.svg\",\"width\":146,\"height\":62,\"caption\":\"FCR media\"},\"image\":{\"@id\":\"https:\/\/fcrmedia.be\/fr\/#\/schema\/logo\/image\/\"}}]}<\/script>\n<!-- \/ Yoast SEO plugin. -->","yoast_head_json":{"title":"Nouvelles et prix | FCR Media","description":"FCR Media fait parfois l'actualit\u00e9. D\u00e9couvrez ici nos derniers communiqu\u00e9s, annonces et interviews en ligne !","robots":{"index":"index","follow":"follow","max-snippet":"max-snippet:-1","max-image-preview":"max-image-preview:large","max-video-preview":"max-video-preview:-1"},"canonical":"https:\/\/fcrmedia.be\/fr\/nouvelles-et-prix\/","og_locale":"fr_FR","og_type":"article","og_title":"Nouvelles et prix | FCR Media","og_description":"FCR Media fait parfois l'actualit\u00e9. D\u00e9couvrez ici nos derniers communiqu\u00e9s, annonces et interviews en ligne !","og_url":"https:\/\/fcrmedia.be\/fr\/nouvelles-et-prix\/","og_site_name":"FCR Media","article_modified_time":"2025-09-23T10:29:25+00:00","twitter_card":"summary_large_image","schema":{"@context":"https:\/\/schema.org","@graph":[{"@type":"WebPage","@id":"https:\/\/fcrmedia.be\/fr\/nouvelles-et-prix\/","url":"https:\/\/fcrmedia.be\/fr\/nouvelles-et-prix\/","name":"Nouvelles et prix | FCR Media","isPartOf":{"@id":"https:\/\/fcrmedia.be\/fr\/#website"},"datePublished":"2022-05-16T07:51:03+00:00","dateModified":"2025-09-23T10:29:25+00:00","description":"FCR Media fait parfois l'actualit\u00e9. D\u00e9couvrez ici nos derniers communiqu\u00e9s, annonces et interviews en ligne !","breadcrumb":{"@id":"https:\/\/fcrmedia.be\/fr\/nouvelles-et-prix\/#breadcrumb"},"inLanguage":"fr-FR","potentialAction":[{"@type":"ReadAction","target":["https:\/\/fcrmedia.be\/fr\/nouvelles-et-prix\/"]}]},{"@type":"BreadcrumbList","@id":"https:\/\/fcrmedia.be\/fr\/nouvelles-et-prix\/#breadcrumb","itemListElement":[{"@type":"ListItem","position":1,"name":"Home","item":"https:\/\/fcrmedia.be\/fr\/"},{"@type":"ListItem","position":2,"name":"Nouvelles et prix"}]},{"@type":"WebSite","@id":"https:\/\/fcrmedia.be\/fr\/#website","url":"https:\/\/fcrmedia.be\/fr\/","name":"FCR Media","description":"FCR Media - Marketing Services","publisher":{"@id":"https:\/\/fcrmedia.be\/fr\/#organization"},"potentialAction":[{"@type":"SearchAction","target":{"@type":"EntryPoint","urlTemplate":"https:\/\/fcrmedia.be\/fr\/?s={search_term_string}"},"query-input":{"@type":"PropertyValueSpecification","valueRequired":true,"valueName":"search_term_string"}}],"inLanguage":"fr-FR"},{"@type":"Organization","@id":"https:\/\/fcrmedia.be\/fr\/#organization","name":"FCR media","url":"https:\/\/fcrmedia.be\/fr\/","logo":{"@type":"ImageObject","inLanguage":"fr-FR","@id":"https:\/\/fcrmedia.be\/fr\/#\/schema\/logo\/image\/","url":"https:\/\/fcrmedia.be\/wp-content\/uploads\/2021\/10\/Full-logo.svg","contentUrl":"https:\/\/fcrmedia.be\/wp-content\/uploads\/2021\/10\/Full-logo.svg","width":146,"height":62,"caption":"FCR media"},"image":{"@id":"https:\/\/fcrmedia.be\/fr\/#\/schema\/logo\/image\/"}}]}},"_links":{"self":[{"href":"https:\/\/fcrmedia.be\/fr\/wp-json\/wp\/v2\/pages\/3441","targetHints":{"allow":["GET"]}}],"collection":[{"href":"https:\/\/fcrmedia.be\/fr\/wp-json\/wp\/v2\/pages"}],"about":[{"href":"https:\/\/fcrmedia.be\/fr\/wp-json\/wp\/v2\/types\/page"}],"author":[{"embeddable":true,"href":"https:\/\/fcrmedia.be\/fr\/wp-json\/wp\/v2\/users\/24"}],"replies":[{"embeddable":true,"href":"https:\/\/fcrmedia.be\/fr\/wp-json\/wp\/v2\/comments?post=3441"}],"version-history":[{"count":2,"href":"https:\/\/fcrmedia.be\/fr\/wp-json\/wp\/v2\/pages\/3441\/revisions"}],"predecessor-version":[{"id":6688,"href":"https:\/\/fcrmedia.be\/fr\/wp-json\/wp\/v2\/pages\/3441\/revisions\/6688"}],"wp:attachment":[{"href":"https:\/\/fcrmedia.be\/fr\/wp-json\/wp\/v2\/media?parent=3441"}],"curies":[{"name":"wp","href":"https:\/\/api.w.org\/{rel}","templated":true}]}}