{"id":2380,"date":"2021-12-30T10:16:49","date_gmt":"2021-12-30T10:16:49","guid":{"rendered":"https:\/\/fcrmedia.be\/?page_id=2380"},"modified":"2025-09-17T06:32:02","modified_gmt":"2025-09-17T06:32:02","slug":"politique-de-cookies","status":"publish","type":"page","link":"https:\/\/fcrmedia.be\/fr\/politique-de-cookies\/","title":{"rendered":"Politique de cookies"},"content":{"rendered":"\n<div style=\"width: 90%; margin: auto; max-width: 1080px\"><h2>Qu\u2019est-ce qu\u2019un cookie ?<\/h2>\n<p>Un cookie est un petit fichier de chiffres et de lettres qui est plac\u00e9 sur votre ordinateur lorsque vous consultez un site. Il contient un code unique permettant au site de reconnaitre un utilisateur sur la base de l\u2019appareil qu\u2019il emploie. Lors de la prochaine visite sur le site, ce dernier retiendra des informations sur vos pr\u00e9f\u00e9rences gr\u00e2ce aux cookies (ex. langue, entreprises pr\u00e9f\u00e9r\u00e9es, recherches r\u00e9centes, etc.). Les cookies permettent que l\u2019interaction entre le visiteur et le site soit, de mani\u00e8re g\u00e9n\u00e9rale, plus fluide et plus rapide. En utilisant des cookies, le contenu ou la publicit\u00e9 d&rsquo;un site web peuvent \u00e9galement \u00eatre rendus plus pertinents pour le visiteur, car ils peuvent \u00eatre adapt\u00e9s \u00e0 ses pr\u00e9f\u00e9rences personnelles.<\/p>\n\n<h2>Quels sont les cookies utilis\u00e9s et leur utilit\u00e9 ?<\/h2>\n<h3>Cookies n\u00e9cessaires<\/h3>\n<p>Les cookies n\u00e9cessaires permettent aux les visiteurs de consulter le site et d\u2019utiliser correctement ses fonctionnalit\u00e9s. Sans les cookies n\u00e9cessaires, le site web ne fonctionnera pas correctement.<\/p>\n<h3>Cookies de performance<\/h3>\n<p>Les cookies de performance sont utilis\u00e9s pour voir comment les visiteurs utilisent le site web. Ces cookies ne peuvent pas \u00eatre utilis\u00e9s pour identifier directement un certain visiteur. <\/p>\n<h3>Cookies de fonctionnalit\u00e9<\/h3>\n<p>Les cookies fonctionnels sont utilis\u00e9s pour m\u00e9moriser des informations sur les visiteurs du site web, telles que la langue.<\/p>\n<h3>Cookies de ciblage<\/h3>\n<p>Les cookies de ciblage sont des cookies de tiers utilis\u00e9s pour suivre les visiteurs lorsqu&rsquo;ils visitent diff\u00e9rents sites web. Leur but est de diffuser des annonces personnalis\u00e9es et pertinentes pour l&rsquo;utilisateur individuel. Ainsi, ces annonces deviennent plus pr\u00e9cieuses pour les \u00e9diteurs et les annonceurs externes.<\/p>\n<h3>Cookies non class\u00e9s<\/h3>\n<p>Les cookies non class\u00e9s sont des cookies que nous devons encore attribuer \u00e0 une certaine cat\u00e9gorie.<\/p>\n\n<h2>R\u00e9sum\u00e9 des cookies<\/h2>\n<P>Vous trouverez ci-dessous un aper\u00e7u de tous les cookies plac\u00e9s par FCR Media Belgium NV (Uitbreidingstraat 82, 2600 Berchem) sur ce site web, class\u00e9s par type de cookie. Pour chaque cookie, vous trouverez le nom, le domaine, la date d&rsquo;expiration et une br\u00e8ve description de la fonction de ce cookie.<\/p>\n\n<div style=\"width: 90%; margin: auto; max-width: 1080px\">\n<script type=\"text\/javascript\" charset=\"UTF-8\"  data-cookiescriptreport=\"report\" src=\"\/\/report.cookie-script.com\/r\/938f5794f25e54ee514ded658ceb7447.js\"><\/script>\n<\/div>\n\n<h2>Gestion des cookies via votre navigateur<\/h2>\n<p>Si vous souhaitez emp\u00eacher l\u2019installation de certains cookies sur votre ordinateur, vous pouvez l\u2019indiquer via les param\u00e8tres de confidentialit\u00e9 de votre navigateur. Il est possible de supprimer les cookies via les param\u00e8tres de confidentialit\u00e9 de votre navigateur.<\/p>\n<h2>Gestion des cookies via le site web via la banni\u00e8re d&rsquo;information sur les cookies<\/h2>\n<p>Vous pouvez \u00e0 la fois accepter les cookies et r\u00e9voquer votre consentement \u00e0 tout moment. Bien entendu, les cookies n\u00e9cessaires, qui sont indispensables pour pouvoir utiliser le site web lors de votre (vos) visite(s), seront toujours accept\u00e9s automatiquement.<\/p>\n<h2>Autoriser les cookies<\/h2>\n<p>En tant qu\u2019utilisateur, vous pouvez choisir si vous autorisez uniquement les cookies n\u00e9cessaires ou \u00e9galement les autres cookies (comme les cookies de ciblage,\u2026). Pour ce faire, cliquez sur l\u2019un des deux boutons situ\u00e9s sur la banni\u00e8re de cookies, dans le bas du site :\n<ol style=\"padding: 10px 20px\";>\n<li><strong>\u201cTout Accepter\u201d<\/strong>: si vous cliquez sur ce bouton en tant qu&rsquo;utilisateur, vous donnez votre autorisation pour activer aussi bien les cookies n\u00e9cessaires que tous les autres types de cookies lors de vos visites sur le site.<\/li>\n<li><strong>\u201cTout refuser \u201d<\/strong>: si vous cliquez sur ce bouton en tant qu&rsquo;utilisateur, seuls les cookies n\u00e9cessaires seront activ\u00e9s lors de votre (vos) visite(s) sur le site web.<\/li>\n<li><strong>\u201cAfficher les d\u00e9tails \u201d<\/strong>: si vous cliquez sur ce bouton en tant qu&rsquo;utilisateur, vous verrez un aper\u00e7u de tous les types de cookies que nous pla\u00e7ons. Vous pouvez alors cocher ou d\u00e9cocher les cookies que vous souhaitez accepter ou refuser par cat\u00e9gorie. Les cookies n\u00e9cessaires, qui sont indispensables pour pouvoir utiliser le site web lors de votre (vos) visite(s), seront accept\u00e9s automatiquement. Vous confirmez ensuite votre choix en cliquant sur le bouton \u00ab\u00a0Sauver et fermer\u00a0\u00bb.<\/li>\n<\/ol>\n<\/p>\n<h2>R\u00e9vocation de votre autorisation<\/h2>\n<p>En tant qu&rsquo;utilisateur, vous pouvez r\u00e9voquer \u00e0 tout moment votre consentement (pr\u00e9alablement donn\u00e9) \u00e0 l&rsquo;utilisation de cookies tiers. Pour ce faire, il vous suffit de cliquer sur le bouton \u00ab Param\u00e8tres de cookie \u00bb en bas du site.<\/p>\n<p>La prochaine fois que vous visiterez le site web, la banni\u00e8re d&rsquo;information sur les cookies s&rsquo;affichera \u00e0 nouveau et vous pourrez \u00e0 nouveau s\u00e9lectionner vos pr\u00e9f\u00e9rences en mati\u00e8re de cookies.<\/p>\n","protected":false},"excerpt":{"rendered":"<p>Qu\u2019est-ce qu\u2019un cookie ? Un cookie est un petit fichier de chiffres et de lettres qui est plac\u00e9 sur votre&#8230;<\/p>\n","protected":false},"author":4,"featured_media":0,"parent":0,"menu_order":0,"comment_status":"closed","ping_status":"closed","template":"templates\/tpl-privacy.php","meta":{"_acf_changed":false,"footnotes":""},"class_list":["post-2380","page","type-page","status-publish","hentry"],"acf":[],"yoast_head":"<!-- This site is optimized with the Yoast SEO plugin v27.1.1 - https:\/\/yoast.com\/product\/yoast-seo-wordpress\/ -->\n<title>Politique de cookies | FCR Media<\/title>\n<meta name=\"description\" content=\"Lisez ici la politique de cookies de FCR Media et d\u00e9couvrez comment nous conservons les informations relatives \u00e0 vos pr\u00e9f\u00e9rences !\" \/>\n<meta name=\"robots\" content=\"index, follow, max-snippet:-1, max-image-preview:large, max-video-preview:-1\" \/>\n<link rel=\"canonical\" href=\"https:\/\/fcrmedia.be\/fr\/politique-de-cookies\/\" \/>\n<meta property=\"og:locale\" content=\"fr_FR\" \/>\n<meta property=\"og:type\" content=\"article\" \/>\n<meta property=\"og:title\" content=\"Politique de cookies | FCR Media\" \/>\n<meta property=\"og:description\" content=\"Lisez ici la politique de cookies de FCR Media et d\u00e9couvrez comment nous conservons les informations relatives \u00e0 vos pr\u00e9f\u00e9rences !\" \/>\n<meta property=\"og:url\" content=\"https:\/\/fcrmedia.be\/fr\/politique-de-cookies\/\" \/>\n<meta property=\"og:site_name\" content=\"FCR Media\" \/>\n<meta property=\"article:modified_time\" content=\"2025-09-17T06:32:02+00:00\" \/>\n<meta name=\"twitter:card\" content=\"summary_large_image\" \/>\n<meta name=\"twitter:label1\" content=\"Dur\u00e9e de lecture estim\u00e9e\" \/>\n\t<meta name=\"twitter:data1\" content=\"4 minutes\" \/>\n<script type=\"application\/ld+json\" class=\"yoast-schema-graph\">{\"@context\":\"https:\/\/schema.org\",\"@graph\":[{\"@type\":\"WebPage\",\"@id\":\"https:\/\/fcrmedia.be\/fr\/politique-de-cookies\/\",\"url\":\"https:\/\/fcrmedia.be\/fr\/politique-de-cookies\/\",\"name\":\"Politique de cookies | FCR Media\",\"isPartOf\":{\"@id\":\"https:\/\/fcrmedia.be\/fr\/#website\"},\"datePublished\":\"2021-12-30T10:16:49+00:00\",\"dateModified\":\"2025-09-17T06:32:02+00:00\",\"description\":\"Lisez ici la politique de cookies de FCR Media et d\u00e9couvrez comment nous conservons les informations relatives \u00e0 vos pr\u00e9f\u00e9rences !\",\"breadcrumb\":{\"@id\":\"https:\/\/fcrmedia.be\/fr\/politique-de-cookies\/#breadcrumb\"},\"inLanguage\":\"fr-FR\",\"potentialAction\":[{\"@type\":\"ReadAction\",\"target\":[\"https:\/\/fcrmedia.be\/fr\/politique-de-cookies\/\"]}]},{\"@type\":\"BreadcrumbList\",\"@id\":\"https:\/\/fcrmedia.be\/fr\/politique-de-cookies\/#breadcrumb\",\"itemListElement\":[{\"@type\":\"ListItem\",\"position\":1,\"name\":\"Home\",\"item\":\"https:\/\/fcrmedia.be\/fr\/\"},{\"@type\":\"ListItem\",\"position\":2,\"name\":\"Politique de cookies\"}]},{\"@type\":\"WebSite\",\"@id\":\"https:\/\/fcrmedia.be\/fr\/#website\",\"url\":\"https:\/\/fcrmedia.be\/fr\/\",\"name\":\"FCR Media\",\"description\":\"FCR Media - Marketing Services\",\"publisher\":{\"@id\":\"https:\/\/fcrmedia.be\/fr\/#organization\"},\"potentialAction\":[{\"@type\":\"SearchAction\",\"target\":{\"@type\":\"EntryPoint\",\"urlTemplate\":\"https:\/\/fcrmedia.be\/fr\/?s={search_term_string}\"},\"query-input\":{\"@type\":\"PropertyValueSpecification\",\"valueRequired\":true,\"valueName\":\"search_term_string\"}}],\"inLanguage\":\"fr-FR\"},{\"@type\":\"Organization\",\"@id\":\"https:\/\/fcrmedia.be\/fr\/#organization\",\"name\":\"FCR media\",\"url\":\"https:\/\/fcrmedia.be\/fr\/\",\"logo\":{\"@type\":\"ImageObject\",\"inLanguage\":\"fr-FR\",\"@id\":\"https:\/\/fcrmedia.be\/fr\/#\/schema\/logo\/image\/\",\"url\":\"https:\/\/fcrmedia.be\/wp-content\/uploads\/2021\/10\/Full-logo.svg\",\"contentUrl\":\"https:\/\/fcrmedia.be\/wp-content\/uploads\/2021\/10\/Full-logo.svg\",\"width\":146,\"height\":62,\"caption\":\"FCR media\"},\"image\":{\"@id\":\"https:\/\/fcrmedia.be\/fr\/#\/schema\/logo\/image\/\"}}]}<\/script>\n<!-- \/ Yoast SEO plugin. -->","yoast_head_json":{"title":"Politique de cookies | FCR Media","description":"Lisez ici la politique de cookies de FCR Media et d\u00e9couvrez comment nous conservons les informations relatives \u00e0 vos pr\u00e9f\u00e9rences !","robots":{"index":"index","follow":"follow","max-snippet":"max-snippet:-1","max-image-preview":"max-image-preview:large","max-video-preview":"max-video-preview:-1"},"canonical":"https:\/\/fcrmedia.be\/fr\/politique-de-cookies\/","og_locale":"fr_FR","og_type":"article","og_title":"Politique de cookies | FCR Media","og_description":"Lisez ici la politique de cookies de FCR Media et d\u00e9couvrez comment nous conservons les informations relatives \u00e0 vos pr\u00e9f\u00e9rences !","og_url":"https:\/\/fcrmedia.be\/fr\/politique-de-cookies\/","og_site_name":"FCR Media","article_modified_time":"2025-09-17T06:32:02+00:00","twitter_card":"summary_large_image","twitter_misc":{"Dur\u00e9e de lecture estim\u00e9e":"4 minutes"},"schema":{"@context":"https:\/\/schema.org","@graph":[{"@type":"WebPage","@id":"https:\/\/fcrmedia.be\/fr\/politique-de-cookies\/","url":"https:\/\/fcrmedia.be\/fr\/politique-de-cookies\/","name":"Politique de cookies | FCR Media","isPartOf":{"@id":"https:\/\/fcrmedia.be\/fr\/#website"},"datePublished":"2021-12-30T10:16:49+00:00","dateModified":"2025-09-17T06:32:02+00:00","description":"Lisez ici la politique de cookies de FCR Media et d\u00e9couvrez comment nous conservons les informations relatives \u00e0 vos pr\u00e9f\u00e9rences !","breadcrumb":{"@id":"https:\/\/fcrmedia.be\/fr\/politique-de-cookies\/#breadcrumb"},"inLanguage":"fr-FR","potentialAction":[{"@type":"ReadAction","target":["https:\/\/fcrmedia.be\/fr\/politique-de-cookies\/"]}]},{"@type":"BreadcrumbList","@id":"https:\/\/fcrmedia.be\/fr\/politique-de-cookies\/#breadcrumb","itemListElement":[{"@type":"ListItem","position":1,"name":"Home","item":"https:\/\/fcrmedia.be\/fr\/"},{"@type":"ListItem","position":2,"name":"Politique de cookies"}]},{"@type":"WebSite","@id":"https:\/\/fcrmedia.be\/fr\/#website","url":"https:\/\/fcrmedia.be\/fr\/","name":"FCR Media","description":"FCR Media - Marketing Services","publisher":{"@id":"https:\/\/fcrmedia.be\/fr\/#organization"},"potentialAction":[{"@type":"SearchAction","target":{"@type":"EntryPoint","urlTemplate":"https:\/\/fcrmedia.be\/fr\/?s={search_term_string}"},"query-input":{"@type":"PropertyValueSpecification","valueRequired":true,"valueName":"search_term_string"}}],"inLanguage":"fr-FR"},{"@type":"Organization","@id":"https:\/\/fcrmedia.be\/fr\/#organization","name":"FCR media","url":"https:\/\/fcrmedia.be\/fr\/","logo":{"@type":"ImageObject","inLanguage":"fr-FR","@id":"https:\/\/fcrmedia.be\/fr\/#\/schema\/logo\/image\/","url":"https:\/\/fcrmedia.be\/wp-content\/uploads\/2021\/10\/Full-logo.svg","contentUrl":"https:\/\/fcrmedia.be\/wp-content\/uploads\/2021\/10\/Full-logo.svg","width":146,"height":62,"caption":"FCR media"},"image":{"@id":"https:\/\/fcrmedia.be\/fr\/#\/schema\/logo\/image\/"}}]}},"_links":{"self":[{"href":"https:\/\/fcrmedia.be\/fr\/wp-json\/wp\/v2\/pages\/2380","targetHints":{"allow":["GET"]}}],"collection":[{"href":"https:\/\/fcrmedia.be\/fr\/wp-json\/wp\/v2\/pages"}],"about":[{"href":"https:\/\/fcrmedia.be\/fr\/wp-json\/wp\/v2\/types\/page"}],"author":[{"embeddable":true,"href":"https:\/\/fcrmedia.be\/fr\/wp-json\/wp\/v2\/users\/4"}],"replies":[{"embeddable":true,"href":"https:\/\/fcrmedia.be\/fr\/wp-json\/wp\/v2\/comments?post=2380"}],"version-history":[{"count":4,"href":"https:\/\/fcrmedia.be\/fr\/wp-json\/wp\/v2\/pages\/2380\/revisions"}],"predecessor-version":[{"id":6876,"href":"https:\/\/fcrmedia.be\/fr\/wp-json\/wp\/v2\/pages\/2380\/revisions\/6876"}],"wp:attachment":[{"href":"https:\/\/fcrmedia.be\/fr\/wp-json\/wp\/v2\/media?parent=2380"}],"curies":[{"name":"wp","href":"https:\/\/api.w.org\/{rel}","templated":true}]}}