{"id":2378,"date":"2021-12-30T10:13:27","date_gmt":"2021-12-30T10:13:27","guid":{"rendered":"https:\/\/fcrmedia.be\/?page_id=2378"},"modified":"2025-09-17T06:31:09","modified_gmt":"2025-09-17T06:31:09","slug":"conditions-generales","status":"publish","type":"page","link":"https:\/\/fcrmedia.be\/fr\/conditions-generales\/","title":{"rendered":"Conditions g\u00e9n\u00e9rales"},"content":{"rendered":"<section id=\"block-rich-text-image-block_452dc94fbb23ac6d03c3a67e113d9067\"\n         class=\"c-section c-section--background-white -rich-text-image \">\n  <div class=\"c-rich-text-image \">\n    <div class=\"container\">\n      <div class=\"grid\">\n        <div class=\"c-rich-text-image__col\">\n          <div class=\"c-rich-text-image__info\">\n            <div class=\"c-icon\">\n                              <img class=\"u-lazy\" data-src=\"https:\/\/fcrmedia.be\/wp-content\/uploads\/2021\/11\/Icon-circle-template.png\" alt=\"\" width=\"32\" height=\"32\">\n                          <\/div>\n                          <h2 class=\"c-rich-text-image__title\">Conditions g\u00e9n\u00e9rales<\/h2>\n                      <\/div>\n                      <div class=\"c-rich-text-image__desc\">\n              <p>La derni\u00e8re version de nos termes et conditions peut \u00eatre trouv\u00e9e sur le lien ci-dessous.<\/p>\n\n            <\/div>\n                                <div class=\"c-rich-text-image__action\">\n              <a href=\"https:\/\/files.fcrmedia.be\/conditions_generales_conditions_particulieres_FR.pdf\" title=\"T\u00e9l\u00e9chargez nos termes et conditions\" target=\"_blank\"\n                 class=\"c-button c-button--default c-button--primary\">\n                T\u00e9l\u00e9chargez nos termes et conditions\n              <\/a>\n            <\/div>\n                  <\/div>\n        <div class=\"c-rich-text-image__col\">\n          <div class=\"c-rich-text-image__pic\">\n                                      <div class=\"c-rich-text-image__img-big \">\n                <picture>\n                  <source type=\"image\/webp\" media=\"(min-width: 1440px)\"\n                          data-srcset=\"https:\/\/fcrmedia.be\/wp-content\/uploads\/2021\/09\/fcr-media-product-social-media-stap-3-creatie-campagne-1600x1600.webp\">\n                  <source type=\"image\/webp\" media=\"(min-width: 1000px)\"\n                          data-srcset=\"https:\/\/fcrmedia.be\/wp-content\/uploads\/2021\/09\/fcr-media-product-social-media-stap-3-creatie-campagne-1200x1200.webp\">\n                  <source type=\"image\/webp\" media=\"(min-width: 480px)\"\n                          data-srcset=\"https:\/\/fcrmedia.be\/wp-content\/uploads\/2021\/09\/fcr-media-product-social-media-stap-3-creatie-campagne-1000x1000.webp\">\n                  <img class=\"c-image-mask c-image-mask--angle-cw u-lazy \"\n                       data-src=\"https:\/\/fcrmedia.be\/wp-content\/uploads\/2021\/09\/fcr-media-product-social-media-stap-3-creatie-campagne-600x600.webp\" alt=\"fcr media produit r\u00e9seaux sociaux \u00e9tape 3 creation de la campagne\"\n                       width=\"2000\" height=\"2000\">\n                <\/picture>\n              <\/div>\n                                  <\/div>\n        <\/div>\n      <\/div>\n    <\/div>\n  <\/div>\n<\/section>","protected":false},"excerpt":{"rendered":"","protected":false},"author":4,"featured_media":0,"parent":0,"menu_order":0,"comment_status":"closed","ping_status":"closed","template":"","meta":{"_acf_changed":false,"footnotes":""},"class_list":["post-2378","page","type-page","status-publish","hentry"],"acf":[],"yoast_head":"<!-- This site is optimized with the Yoast SEO plugin v27.1.1 - https:\/\/yoast.com\/product\/yoast-seo-wordpress\/ -->\n<title>Conditions g\u00e9n\u00e9rales | FCR Media<\/title>\n<meta name=\"description\" content=\"Lisez ici les conditions g\u00e9n\u00e9rales de FCR Media, le partenaire id\u00e9al pour le marketing num\u00e9rique des PME en Belgique.\" \/>\n<meta name=\"robots\" content=\"index, follow, max-snippet:-1, max-image-preview:large, max-video-preview:-1\" \/>\n<link rel=\"canonical\" href=\"https:\/\/fcrmedia.be\/fr\/conditions-generales\/\" \/>\n<meta property=\"og:locale\" content=\"fr_FR\" \/>\n<meta property=\"og:type\" content=\"article\" \/>\n<meta property=\"og:title\" content=\"Conditions g\u00e9n\u00e9rales | FCR Media\" \/>\n<meta property=\"og:description\" content=\"Lisez ici les conditions g\u00e9n\u00e9rales de FCR Media, le partenaire id\u00e9al pour le marketing num\u00e9rique des PME en Belgique.\" \/>\n<meta property=\"og:url\" content=\"https:\/\/fcrmedia.be\/fr\/conditions-generales\/\" \/>\n<meta property=\"og:site_name\" content=\"FCR Media\" \/>\n<meta property=\"article:modified_time\" content=\"2025-09-17T06:31:09+00:00\" \/>\n<meta name=\"twitter:card\" content=\"summary_large_image\" \/>\n<script type=\"application\/ld+json\" class=\"yoast-schema-graph\">{\"@context\":\"https:\/\/schema.org\",\"@graph\":[{\"@type\":\"WebPage\",\"@id\":\"https:\/\/fcrmedia.be\/fr\/conditions-generales\/\",\"url\":\"https:\/\/fcrmedia.be\/fr\/conditions-generales\/\",\"name\":\"Conditions g\u00e9n\u00e9rales | FCR Media\",\"isPartOf\":{\"@id\":\"https:\/\/fcrmedia.be\/fr\/#website\"},\"datePublished\":\"2021-12-30T10:13:27+00:00\",\"dateModified\":\"2025-09-17T06:31:09+00:00\",\"description\":\"Lisez ici les conditions g\u00e9n\u00e9rales de FCR Media, le partenaire id\u00e9al pour le marketing num\u00e9rique des PME en Belgique.\",\"breadcrumb\":{\"@id\":\"https:\/\/fcrmedia.be\/fr\/conditions-generales\/#breadcrumb\"},\"inLanguage\":\"fr-FR\",\"potentialAction\":[{\"@type\":\"ReadAction\",\"target\":[\"https:\/\/fcrmedia.be\/fr\/conditions-generales\/\"]}]},{\"@type\":\"BreadcrumbList\",\"@id\":\"https:\/\/fcrmedia.be\/fr\/conditions-generales\/#breadcrumb\",\"itemListElement\":[{\"@type\":\"ListItem\",\"position\":1,\"name\":\"Home\",\"item\":\"https:\/\/fcrmedia.be\/fr\/\"},{\"@type\":\"ListItem\",\"position\":2,\"name\":\"Conditions g\u00e9n\u00e9rales\"}]},{\"@type\":\"WebSite\",\"@id\":\"https:\/\/fcrmedia.be\/fr\/#website\",\"url\":\"https:\/\/fcrmedia.be\/fr\/\",\"name\":\"FCR Media\",\"description\":\"FCR Media - Marketing Services\",\"publisher\":{\"@id\":\"https:\/\/fcrmedia.be\/fr\/#organization\"},\"potentialAction\":[{\"@type\":\"SearchAction\",\"target\":{\"@type\":\"EntryPoint\",\"urlTemplate\":\"https:\/\/fcrmedia.be\/fr\/?s={search_term_string}\"},\"query-input\":{\"@type\":\"PropertyValueSpecification\",\"valueRequired\":true,\"valueName\":\"search_term_string\"}}],\"inLanguage\":\"fr-FR\"},{\"@type\":\"Organization\",\"@id\":\"https:\/\/fcrmedia.be\/fr\/#organization\",\"name\":\"FCR media\",\"url\":\"https:\/\/fcrmedia.be\/fr\/\",\"logo\":{\"@type\":\"ImageObject\",\"inLanguage\":\"fr-FR\",\"@id\":\"https:\/\/fcrmedia.be\/fr\/#\/schema\/logo\/image\/\",\"url\":\"https:\/\/fcrmedia.be\/wp-content\/uploads\/2021\/10\/Full-logo.svg\",\"contentUrl\":\"https:\/\/fcrmedia.be\/wp-content\/uploads\/2021\/10\/Full-logo.svg\",\"width\":146,\"height\":62,\"caption\":\"FCR media\"},\"image\":{\"@id\":\"https:\/\/fcrmedia.be\/fr\/#\/schema\/logo\/image\/\"}}]}<\/script>\n<!-- \/ Yoast SEO plugin. -->","yoast_head_json":{"title":"Conditions g\u00e9n\u00e9rales | FCR Media","description":"Lisez ici les conditions g\u00e9n\u00e9rales de FCR Media, le partenaire id\u00e9al pour le marketing num\u00e9rique des PME en Belgique.","robots":{"index":"index","follow":"follow","max-snippet":"max-snippet:-1","max-image-preview":"max-image-preview:large","max-video-preview":"max-video-preview:-1"},"canonical":"https:\/\/fcrmedia.be\/fr\/conditions-generales\/","og_locale":"fr_FR","og_type":"article","og_title":"Conditions g\u00e9n\u00e9rales | FCR Media","og_description":"Lisez ici les conditions g\u00e9n\u00e9rales de FCR Media, le partenaire id\u00e9al pour le marketing num\u00e9rique des PME en Belgique.","og_url":"https:\/\/fcrmedia.be\/fr\/conditions-generales\/","og_site_name":"FCR Media","article_modified_time":"2025-09-17T06:31:09+00:00","twitter_card":"summary_large_image","schema":{"@context":"https:\/\/schema.org","@graph":[{"@type":"WebPage","@id":"https:\/\/fcrmedia.be\/fr\/conditions-generales\/","url":"https:\/\/fcrmedia.be\/fr\/conditions-generales\/","name":"Conditions g\u00e9n\u00e9rales | FCR Media","isPartOf":{"@id":"https:\/\/fcrmedia.be\/fr\/#website"},"datePublished":"2021-12-30T10:13:27+00:00","dateModified":"2025-09-17T06:31:09+00:00","description":"Lisez ici les conditions g\u00e9n\u00e9rales de FCR Media, le partenaire id\u00e9al pour le marketing num\u00e9rique des PME en Belgique.","breadcrumb":{"@id":"https:\/\/fcrmedia.be\/fr\/conditions-generales\/#breadcrumb"},"inLanguage":"fr-FR","potentialAction":[{"@type":"ReadAction","target":["https:\/\/fcrmedia.be\/fr\/conditions-generales\/"]}]},{"@type":"BreadcrumbList","@id":"https:\/\/fcrmedia.be\/fr\/conditions-generales\/#breadcrumb","itemListElement":[{"@type":"ListItem","position":1,"name":"Home","item":"https:\/\/fcrmedia.be\/fr\/"},{"@type":"ListItem","position":2,"name":"Conditions g\u00e9n\u00e9rales"}]},{"@type":"WebSite","@id":"https:\/\/fcrmedia.be\/fr\/#website","url":"https:\/\/fcrmedia.be\/fr\/","name":"FCR Media","description":"FCR Media - Marketing Services","publisher":{"@id":"https:\/\/fcrmedia.be\/fr\/#organization"},"potentialAction":[{"@type":"SearchAction","target":{"@type":"EntryPoint","urlTemplate":"https:\/\/fcrmedia.be\/fr\/?s={search_term_string}"},"query-input":{"@type":"PropertyValueSpecification","valueRequired":true,"valueName":"search_term_string"}}],"inLanguage":"fr-FR"},{"@type":"Organization","@id":"https:\/\/fcrmedia.be\/fr\/#organization","name":"FCR media","url":"https:\/\/fcrmedia.be\/fr\/","logo":{"@type":"ImageObject","inLanguage":"fr-FR","@id":"https:\/\/fcrmedia.be\/fr\/#\/schema\/logo\/image\/","url":"https:\/\/fcrmedia.be\/wp-content\/uploads\/2021\/10\/Full-logo.svg","contentUrl":"https:\/\/fcrmedia.be\/wp-content\/uploads\/2021\/10\/Full-logo.svg","width":146,"height":62,"caption":"FCR media"},"image":{"@id":"https:\/\/fcrmedia.be\/fr\/#\/schema\/logo\/image\/"}}]}},"_links":{"self":[{"href":"https:\/\/fcrmedia.be\/fr\/wp-json\/wp\/v2\/pages\/2378","targetHints":{"allow":["GET"]}}],"collection":[{"href":"https:\/\/fcrmedia.be\/fr\/wp-json\/wp\/v2\/pages"}],"about":[{"href":"https:\/\/fcrmedia.be\/fr\/wp-json\/wp\/v2\/types\/page"}],"author":[{"embeddable":true,"href":"https:\/\/fcrmedia.be\/fr\/wp-json\/wp\/v2\/users\/4"}],"replies":[{"embeddable":true,"href":"https:\/\/fcrmedia.be\/fr\/wp-json\/wp\/v2\/comments?post=2378"}],"version-history":[{"count":5,"href":"https:\/\/fcrmedia.be\/fr\/wp-json\/wp\/v2\/pages\/2378\/revisions"}],"predecessor-version":[{"id":7923,"href":"https:\/\/fcrmedia.be\/fr\/wp-json\/wp\/v2\/pages\/2378\/revisions\/7923"}],"wp:attachment":[{"href":"https:\/\/fcrmedia.be\/fr\/wp-json\/wp\/v2\/media?parent=2378"}],"curies":[{"name":"wp","href":"https:\/\/api.w.org\/{rel}","templated":true}]}}