{"id":1388,"date":"2021-12-14T10:03:11","date_gmt":"2021-12-14T10:03:11","guid":{"rendered":"https:\/\/fcrmedia.be\/aide-et-contact\/faq\/"},"modified":"2023-11-08T11:12:55","modified_gmt":"2023-11-08T11:12:55","slug":"faq","status":"publish","type":"page","link":"https:\/\/fcrmedia.be\/fr\/aide-et-contact\/faq\/","title":{"rendered":"FAQ"},"content":{"rendered":"<section id=\"block-faq-categories-block_4439987cc4f86a08838431fe2f2c8a0d\" class=\"c-section -faq-categories\">\n  <div class=\"c-faq-categories\">\n    <div class=\"container\">\n            <div class=\"c-breadcrumbs\">\n                        Qu&rsquo;est-ce\u00a0que\u00a0&#8230;\n      <\/div>\n\n      <div class=\"c-faq-categories__content\">\n                <h2 class=\"c-faq-categories__title\">Comment pouvons-nous vous aider ?<\/h2>\n                        <div class=\"c-faq-categories__intro\">\n          <p>Trouvez rapidement une r\u00e9ponse \u00e0 votre question !<\/p>\n\n        <\/div>\n                <div class=\"c-faq-search\">\n          <form role=\"search\" action=\"https:\/\/fcrmedia.be\/fr\/\" method=\"get\" id=\"searchform\" class=\"c-faq-search__form\">\n  <input class=\"c-faq-search__input\" type=\"text\" name=\"s\" placeholder=\"Wat wil je weten?\" minlength=\"3\" required \/>\n  <input type=\"hidden\" name=\"post_type\" value=\"faq\" \/>\n  <input class=\"c-faq-search__button c-button c-button--default c-button--primary\" type=\"submit\" value=\"Zoeken\" \/>\n<\/form>        <\/div>\n      <\/div>\n      \n                      \n                  <div class=\"c-faq-categories__help-grid grid\">\n                          <div class=\"c-faq-categories__help-col\">\n                  <div class=\"c-faq-card\">\n                    <div class=\"c-faq-card__head c-faq-card__head--no-bg-icon\">\n                      <div class=\"c-icon\">\n                                                  <img class=\"u-lazy\" data-src=\"https:\/\/fcrmedia.be\/wp-content\/uploads\/2021\/10\/Website.svg\" alt=\"\" \/>\n                                              <\/div>\n                    <\/div>\n                                        <h3 class=\"c-faq-card__title\">My Media<\/h3>\n                                                            <p class=\"c-faq-card__desc\">De la recherche de r\u00e9sultats aux modifications : comment g\u00e9rer votre programme num\u00e9rique<\/p>\n                                                            <ul class=\"c-faq-card__list\">\n                                            <li>O\u00f9 puis-je suivre les r\u00e9sultats de mes solutions num\u00e9riques ?<\/li>\n                                            <li>Je veux modifier les donn\u00e9es de mon annonce pagesdor.be, NetSync, etc.<\/li>\n                                          <\/ul>\n                                                            <p class=\"c-faq-card__action\">\n                      <a href=\"https:\/\/fcrmedia.be\/fr\/faq-category\/my-media\/\" title=\"Voir toutes les r\u00e9ponses\"  class=\"c-button c-button--default c-button--primary\">Voir toutes les r\u00e9ponses<\/a>\n                    <\/p>\n                                      <\/div>\n              <\/div>\n                          <div class=\"c-faq-categories__help-col\">\n                  <div class=\"c-faq-card\">\n                    <div class=\"c-faq-card__head c-faq-card__head--no-bg-icon\">\n                      <div class=\"c-icon\">\n                                                  <img class=\"u-lazy\" data-src=\"https:\/\/fcrmedia.be\/wp-content\/uploads\/2021\/10\/Webshop.svg\" alt=\"\" \/>\n                                              <\/div>\n                    <\/div>\n                                        <h3 class=\"c-faq-card__title\">Ma facture<\/h3>\n                                                            <p class=\"c-faq-card__desc\">Vos factures et paiements, s\u00e9curis\u00e9s et en ligne <\/p>\n                                                            <ul class=\"c-faq-card__list\">\n                                            <li>Je veux un duplicata de ma facture<\/li>\n                                            <li>Ai-je pay\u00e9 ? Un retard de paiement ?<\/li>\n                                          <\/ul>\n                                                            <p class=\"c-faq-card__action\">\n                      <a href=\"https:\/\/fcrmedia.be\/fr\/faq-category\/ma-facture\/\" title=\"Voir toutes les r\u00e9ponses\"  class=\"c-button c-button--default c-button--primary\">Voir toutes les r\u00e9ponses<\/a>\n                    <\/p>\n                                      <\/div>\n              <\/div>\n                          <div class=\"c-faq-categories__help-col\">\n                  <div class=\"c-faq-card\">\n                    <div class=\"c-faq-card__head c-faq-card__head--no-bg-icon\">\n                      <div class=\"c-icon\">\n                                                  <img class=\"u-lazy\" data-src=\"https:\/\/fcrmedia.be\/wp-content\/uploads\/2021\/10\/Website.svg\" alt=\"\" \/>\n                                              <\/div>\n                    <\/div>\n                                        <h3 class=\"c-faq-card__title\">publicit\u00e9 en ligne<\/h3>\n                                                            <p class=\"c-faq-card__desc\">En savoir plus sur le marketing num\u00e9rique ?<\/p>\n                                                            <ul class=\"c-faq-card__list\">\n                                            <li>Vous souhaitez mettre en avant les atouts de votre entreprise ? Vous souhaitez en savoir plus sur ce que nos solutions num\u00e9riques peuvent apporter \u00e0 vos clients actuels et futurs ?<\/li>\n                                            <li>Lien vers \u00ab Nos solutions pour votre entreprise \u00bb <\/li>\n                                          <\/ul>\n                                                            <p class=\"c-faq-card__action\">\n                      <a href=\"https:\/\/fcrmedia.be\/fr\/faq-category\/faire-de-la-publicite-en-ligne\/\" title=\"Voir toutes les r\u00e9ponses\"  class=\"c-button c-button--default c-button--primary\">Voir toutes les r\u00e9ponses<\/a>\n                    <\/p>\n                                      <\/div>\n              <\/div>\n                          <div class=\"c-faq-categories__help-col\">\n                  <div class=\"c-faq-card\">\n                    <div class=\"c-faq-card__head c-faq-card__head--no-bg-icon\">\n                      <div class=\"c-icon\">\n                                                  <img class=\"u-lazy\" data-src=\"https:\/\/fcrmedia.be\/wp-content\/uploads\/2021\/10\/Sector.svg\" alt=\"\" \/>\n                                              <\/div>\n                    <\/div>\n                                        <h3 class=\"c-faq-card__title\">pagesdor.be\/pagesblanches.be<\/h3>\n                                                            <p class=\"c-faq-card__desc\">Vous voulez en savoir plus sur pagesdor.be\/pagesblanches.be ?<\/p>\n                                                            <ul class=\"c-faq-card__list\">\n                                            <li>Comment faire figurer mon entreprise sur pagesdor.be ?<\/li>\n                                            <li>Mettre \u00e0 jour vos donn\u00e9es en tant que particulier sur pagesblanches.be<\/li>\n                                          <\/ul>\n                                                            <p class=\"c-faq-card__action\">\n                      <a href=\"https:\/\/fcrmedia.be\/fr\/faq-category\/pagesdor-be-pagesblanches-be\/\" title=\"Voir toutes les r\u00e9ponses\"  class=\"c-button c-button--default c-button--primary\">Voir toutes les r\u00e9ponses<\/a>\n                    <\/p>\n                                      <\/div>\n              <\/div>\n                          <div class=\"c-faq-categories__help-col\">\n                  <div class=\"c-faq-card\">\n                    <div class=\"c-faq-card__head c-faq-card__head--no-bg-icon\">\n                      <div class=\"c-icon\">\n                                                  <img class=\"u-lazy\" data-src=\"https:\/\/fcrmedia.be\/wp-content\/uploads\/2021\/10\/Website.svg\" alt=\"\" \/>\n                                              <\/div>\n                    <\/div>\n                                        <h3 class=\"c-faq-card__title\">Mon site web<\/h3>\n                                                            <p class=\"c-faq-card__desc\">Vous souhaitez vous lancer vous-m\u00eame dans la cr\u00e9ation de votre site Internet et vous avez des questions ? Vous pouvez lire toutes les r\u00e9ponses ici !<\/p>\n                                                            <ul class=\"c-faq-card__list\">\n                                            <li>Publiez des photos sur votre site web<\/li>\n                                            <li>Ajouter des informations aux images<\/li>\n                                            <li>Placez les points forts sur votre site web<\/li>\n                                            <li>Ajuster ou ajouter du texte<\/li>\n                                            <li>&#8230;<\/li>\n                                          <\/ul>\n                                                            <p class=\"c-faq-card__action\">\n                      <a href=\"https:\/\/fcrmedia.be\/fr\/faq-category\/mon-site-web\/\" title=\"Voir toutes les r\u00e9ponses\"  class=\"c-button c-button--default c-button--primary\">Voir toutes les r\u00e9ponses<\/a>\n                    <\/p>\n                                      <\/div>\n              <\/div>\n                       <\/div>\n              \n            \n    <\/div>\n  <\/div>\n<\/section>\n\n<section id=\"block-rich-text-image-block_ea4c6307d450858392d0561a40d0c10d\"\n         class=\"c-section c-section--background-light-blue -rich-text-image \">\n  <div class=\"c-rich-text-image \">\n    <div class=\"container\">\n      <div class=\"grid\">\n        <div class=\"c-rich-text-image__col\">\n          <div class=\"c-rich-text-image__info\">\n            <div class=\"c-icon\">\n                              <img class=\"u-lazy\" data-src=\"https:\/\/fcrmedia.be\/wp-content\/uploads\/2021\/11\/Icon-circle-template-2.png\" alt=\"netsync list icon\" width=\"32\" height=\"32\">\n                          <\/div>\n                          <h2 class=\"c-rich-text-image__title\">Mise au point<\/h2>\n                      <\/div>\n                      <div class=\"c-rich-text-image__desc\">\n              <p>Lisez tout sur nous, notre organisation et d&rsquo;autres faits ici<\/p>\n\n            <\/div>\n                                <div class=\"c-rich-text-image__action\">\n              <a href=\"https:\/\/fcrmedia.be\/fr\/faq-category\/mise-au-point\/\" title=\"Lisez-le ici\" \n                 class=\"c-button c-button--default c-button--primary\">\n                Lisez-le ici\n              <\/a>\n            <\/div>\n                  <\/div>\n        <div class=\"c-rich-text-image__col\">\n          <div class=\"c-rich-text-image__pic\">\n                                      <div class=\"c-rich-text-image__img-big \">\n                <picture>\n                  <source type=\"image\/jpeg\" media=\"(min-width: 1440px)\"\n                          data-srcset=\"https:\/\/fcrmedia.be\/wp-content\/uploads\/2022\/02\/FCR-media-blogpost-gouden-gids-van-papier-naar-online.jpg\">\n                  <source type=\"image\/jpeg\" media=\"(min-width: 1000px)\"\n                          data-srcset=\"https:\/\/fcrmedia.be\/wp-content\/uploads\/2022\/02\/FCR-media-blogpost-gouden-gids-van-papier-naar-online.jpg\">\n                  <source type=\"image\/jpeg\" media=\"(min-width: 480px)\"\n                          data-srcset=\"https:\/\/fcrmedia.be\/wp-content\/uploads\/2022\/02\/FCR-media-blogpost-gouden-gids-van-papier-naar-online.jpg\">\n                  <img class=\"c-image-mask c-image-mask--trapezoid u-lazy \"\n                       data-src=\"https:\/\/fcrmedia.be\/wp-content\/uploads\/2022\/02\/FCR-media-blogpost-gouden-gids-van-papier-naar-online.jpg\" alt=\"\"\n                       width=\"1024\" height=\"683\">\n                <\/picture>\n              <\/div>\n                                  <\/div>\n        <\/div>\n      <\/div>\n    <\/div>\n  <\/div>\n<\/section>","protected":false},"excerpt":{"rendered":"","protected":false},"author":4,"featured_media":0,"parent":1387,"menu_order":0,"comment_status":"closed","ping_status":"closed","template":"","meta":{"_acf_changed":false,"footnotes":""},"class_list":["post-1388","page","type-page","status-publish","hentry"],"acf":[],"yoast_head":"<!-- This site is optimized with the Yoast SEO plugin v27.1.1 - https:\/\/yoast.com\/product\/yoast-seo-wordpress\/ -->\n<title>FAQ - FCR Media<\/title>\n<meta name=\"description\" content=\"Trouvez rapidement une r\u00e9ponse \u00e0 votre question !\" \/>\n<meta name=\"robots\" content=\"index, follow, max-snippet:-1, max-image-preview:large, max-video-preview:-1\" \/>\n<link rel=\"canonical\" href=\"https:\/\/fcrmedia.be\/fr\/aide-et-contact\/faq\/\" \/>\n<meta property=\"og:locale\" content=\"fr_FR\" \/>\n<meta property=\"og:type\" content=\"article\" \/>\n<meta property=\"og:title\" content=\"FAQ - FCR Media\" \/>\n<meta property=\"og:description\" content=\"Trouvez rapidement une r\u00e9ponse \u00e0 votre question !\" \/>\n<meta property=\"og:url\" content=\"https:\/\/fcrmedia.be\/fr\/aide-et-contact\/faq\/\" \/>\n<meta property=\"og:site_name\" content=\"FCR Media\" \/>\n<meta property=\"article:modified_time\" content=\"2023-11-08T11:12:55+00:00\" \/>\n<meta name=\"twitter:card\" content=\"summary_large_image\" \/>\n<script type=\"application\/ld+json\" class=\"yoast-schema-graph\">{\"@context\":\"https:\/\/schema.org\",\"@graph\":[{\"@type\":\"WebPage\",\"@id\":\"https:\/\/fcrmedia.be\/fr\/aide-et-contact\/faq\/\",\"url\":\"https:\/\/fcrmedia.be\/fr\/aide-et-contact\/faq\/\",\"name\":\"FAQ - FCR Media\",\"isPartOf\":{\"@id\":\"https:\/\/fcrmedia.be\/fr\/#website\"},\"datePublished\":\"2021-12-14T10:03:11+00:00\",\"dateModified\":\"2023-11-08T11:12:55+00:00\",\"description\":\"Trouvez rapidement une r\u00e9ponse \u00e0 votre question !\",\"breadcrumb\":{\"@id\":\"https:\/\/fcrmedia.be\/fr\/aide-et-contact\/faq\/#breadcrumb\"},\"inLanguage\":\"fr-FR\",\"potentialAction\":[{\"@type\":\"ReadAction\",\"target\":[\"https:\/\/fcrmedia.be\/fr\/aide-et-contact\/faq\/\"]}]},{\"@type\":\"BreadcrumbList\",\"@id\":\"https:\/\/fcrmedia.be\/fr\/aide-et-contact\/faq\/#breadcrumb\",\"itemListElement\":[{\"@type\":\"ListItem\",\"position\":1,\"name\":\"Home\",\"item\":\"https:\/\/fcrmedia.be\/fr\/\"},{\"@type\":\"ListItem\",\"position\":2,\"name\":\"Aide et contact\",\"item\":\"https:\/\/fcrmedia.be\/fr\/aide-et-contact\/\"},{\"@type\":\"ListItem\",\"position\":3,\"name\":\"FAQ\"}]},{\"@type\":\"WebSite\",\"@id\":\"https:\/\/fcrmedia.be\/fr\/#website\",\"url\":\"https:\/\/fcrmedia.be\/fr\/\",\"name\":\"FCR Media\",\"description\":\"FCR Media - Marketing Services\",\"publisher\":{\"@id\":\"https:\/\/fcrmedia.be\/fr\/#organization\"},\"potentialAction\":[{\"@type\":\"SearchAction\",\"target\":{\"@type\":\"EntryPoint\",\"urlTemplate\":\"https:\/\/fcrmedia.be\/fr\/?s={search_term_string}\"},\"query-input\":{\"@type\":\"PropertyValueSpecification\",\"valueRequired\":true,\"valueName\":\"search_term_string\"}}],\"inLanguage\":\"fr-FR\"},{\"@type\":\"Organization\",\"@id\":\"https:\/\/fcrmedia.be\/fr\/#organization\",\"name\":\"FCR media\",\"url\":\"https:\/\/fcrmedia.be\/fr\/\",\"logo\":{\"@type\":\"ImageObject\",\"inLanguage\":\"fr-FR\",\"@id\":\"https:\/\/fcrmedia.be\/fr\/#\/schema\/logo\/image\/\",\"url\":\"https:\/\/fcrmedia.be\/wp-content\/uploads\/2021\/10\/Full-logo.svg\",\"contentUrl\":\"https:\/\/fcrmedia.be\/wp-content\/uploads\/2021\/10\/Full-logo.svg\",\"width\":146,\"height\":62,\"caption\":\"FCR media\"},\"image\":{\"@id\":\"https:\/\/fcrmedia.be\/fr\/#\/schema\/logo\/image\/\"}}]}<\/script>\n<!-- \/ Yoast SEO plugin. -->","yoast_head_json":{"title":"FAQ - FCR Media","description":"Trouvez rapidement une r\u00e9ponse \u00e0 votre question !","robots":{"index":"index","follow":"follow","max-snippet":"max-snippet:-1","max-image-preview":"max-image-preview:large","max-video-preview":"max-video-preview:-1"},"canonical":"https:\/\/fcrmedia.be\/fr\/aide-et-contact\/faq\/","og_locale":"fr_FR","og_type":"article","og_title":"FAQ - FCR Media","og_description":"Trouvez rapidement une r\u00e9ponse \u00e0 votre question !","og_url":"https:\/\/fcrmedia.be\/fr\/aide-et-contact\/faq\/","og_site_name":"FCR Media","article_modified_time":"2023-11-08T11:12:55+00:00","twitter_card":"summary_large_image","schema":{"@context":"https:\/\/schema.org","@graph":[{"@type":"WebPage","@id":"https:\/\/fcrmedia.be\/fr\/aide-et-contact\/faq\/","url":"https:\/\/fcrmedia.be\/fr\/aide-et-contact\/faq\/","name":"FAQ - FCR Media","isPartOf":{"@id":"https:\/\/fcrmedia.be\/fr\/#website"},"datePublished":"2021-12-14T10:03:11+00:00","dateModified":"2023-11-08T11:12:55+00:00","description":"Trouvez rapidement une r\u00e9ponse \u00e0 votre question !","breadcrumb":{"@id":"https:\/\/fcrmedia.be\/fr\/aide-et-contact\/faq\/#breadcrumb"},"inLanguage":"fr-FR","potentialAction":[{"@type":"ReadAction","target":["https:\/\/fcrmedia.be\/fr\/aide-et-contact\/faq\/"]}]},{"@type":"BreadcrumbList","@id":"https:\/\/fcrmedia.be\/fr\/aide-et-contact\/faq\/#breadcrumb","itemListElement":[{"@type":"ListItem","position":1,"name":"Home","item":"https:\/\/fcrmedia.be\/fr\/"},{"@type":"ListItem","position":2,"name":"Aide et contact","item":"https:\/\/fcrmedia.be\/fr\/aide-et-contact\/"},{"@type":"ListItem","position":3,"name":"FAQ"}]},{"@type":"WebSite","@id":"https:\/\/fcrmedia.be\/fr\/#website","url":"https:\/\/fcrmedia.be\/fr\/","name":"FCR Media","description":"FCR Media - Marketing Services","publisher":{"@id":"https:\/\/fcrmedia.be\/fr\/#organization"},"potentialAction":[{"@type":"SearchAction","target":{"@type":"EntryPoint","urlTemplate":"https:\/\/fcrmedia.be\/fr\/?s={search_term_string}"},"query-input":{"@type":"PropertyValueSpecification","valueRequired":true,"valueName":"search_term_string"}}],"inLanguage":"fr-FR"},{"@type":"Organization","@id":"https:\/\/fcrmedia.be\/fr\/#organization","name":"FCR media","url":"https:\/\/fcrmedia.be\/fr\/","logo":{"@type":"ImageObject","inLanguage":"fr-FR","@id":"https:\/\/fcrmedia.be\/fr\/#\/schema\/logo\/image\/","url":"https:\/\/fcrmedia.be\/wp-content\/uploads\/2021\/10\/Full-logo.svg","contentUrl":"https:\/\/fcrmedia.be\/wp-content\/uploads\/2021\/10\/Full-logo.svg","width":146,"height":62,"caption":"FCR media"},"image":{"@id":"https:\/\/fcrmedia.be\/fr\/#\/schema\/logo\/image\/"}}]}},"_links":{"self":[{"href":"https:\/\/fcrmedia.be\/fr\/wp-json\/wp\/v2\/pages\/1388","targetHints":{"allow":["GET"]}}],"collection":[{"href":"https:\/\/fcrmedia.be\/fr\/wp-json\/wp\/v2\/pages"}],"about":[{"href":"https:\/\/fcrmedia.be\/fr\/wp-json\/wp\/v2\/types\/page"}],"author":[{"embeddable":true,"href":"https:\/\/fcrmedia.be\/fr\/wp-json\/wp\/v2\/users\/4"}],"replies":[{"embeddable":true,"href":"https:\/\/fcrmedia.be\/fr\/wp-json\/wp\/v2\/comments?post=1388"}],"version-history":[{"count":2,"href":"https:\/\/fcrmedia.be\/fr\/wp-json\/wp\/v2\/pages\/1388\/revisions"}],"predecessor-version":[{"id":5466,"href":"https:\/\/fcrmedia.be\/fr\/wp-json\/wp\/v2\/pages\/1388\/revisions\/5466"}],"up":[{"embeddable":true,"href":"https:\/\/fcrmedia.be\/fr\/wp-json\/wp\/v2\/pages\/1387"}],"wp:attachment":[{"href":"https:\/\/fcrmedia.be\/fr\/wp-json\/wp\/v2\/media?parent=1388"}],"curies":[{"name":"wp","href":"https:\/\/api.w.org\/{rel}","templated":true}]}}